{"id":150,"date":"2024-04-20T07:39:29","date_gmt":"2024-04-20T07:39:29","guid":{"rendered":"https:\/\/steffis-ponyclub.ch\/?page_id=150"},"modified":"2026-04-02T18:48:29","modified_gmt":"2026-04-02T18:48:29","slug":"angebote","status":"publish","type":"page","link":"https:\/\/steffis-ponyclub.ch\/?page_id=150","title":{"rendered":"Angebote"},"content":{"rendered":"\n<p class=\"has-large-font-size\"><strong>Ponyreiten<\/strong><\/p>\n\n\n\n<figure class=\"wp-block-image size-large is-resized\"><img loading=\"lazy\" decoding=\"async\" width=\"768\" height=\"1024\" src=\"https:\/\/steffis-ponyclub.ch\/wp-content\/uploads\/2025\/09\/Spaziergang-1-768x1024.jpg\" alt=\"\" class=\"wp-image-1479\" style=\"width:319px;height:auto\" srcset=\"https:\/\/steffis-ponyclub.ch\/wp-content\/uploads\/2025\/09\/Spaziergang-1-768x1024.jpg 768w, https:\/\/steffis-ponyclub.ch\/wp-content\/uploads\/2025\/09\/Spaziergang-1-225x300.jpg 225w, https:\/\/steffis-ponyclub.ch\/wp-content\/uploads\/2025\/09\/Spaziergang-1-1152x1536.jpg 1152w, https:\/\/steffis-ponyclub.ch\/wp-content\/uploads\/2025\/09\/Spaziergang-1.jpg 1500w\" sizes=\"auto, (max-width: 768px) 100vw, 768px\" \/><\/figure>\n\n\n\n<p class=\"has-medium-font-size\"><strong>Bieten wir auch Ponyreiten ohne Lehrg\u00e4nge an:<br>eine Runde durch den Wald <\/strong><br><strong>ca. 30-40 min. f\u00fcr 30.-<\/strong><\/p>\n\n\n\n<p class=\"has-medium-font-size\"><\/p>\n\n\n\n<p class=\"has-large-font-size\"><strong>Neu<\/strong>: <strong>Spazierg\u00e4nge f\u00fcr Erwachsene<\/strong><\/p>\n\n\n\n<p class=\"has-medium-font-size\"><strong>Entdecken Sie unsere Spazierg\u00e4nge mit Ponys \u2013 auch f\u00fcr Erwachsene! Lassen Sie den Alltag hinter sich, atmen Sie tief durch und entspannen Sie sich in der wundersch\u00f6nen Natur. Genie\u00dfen Sie eine Auszeit mit unseren liebenswerten und einzigartigen Ponys an Ihrer Seite! <br>60 min. f\u00fcr 45.-<\/strong><\/p>\n\n\n\n<div style=\"height:14px\" aria-hidden=\"true\" class=\"wp-block-spacer\"><\/div>\n\n\n\n<div class=\"wp-block-columns is-layout-flex wp-container-core-columns-is-layout-9d6595d7 wp-block-columns-is-layout-flex\">\n<div class=\"wp-block-column is-layout-flow wp-block-column-is-layout-flow\">\n<div class=\"wp-block-columns is-layout-flex wp-container-core-columns-is-layout-9d6595d7 wp-block-columns-is-layout-flex\">\n<div class=\"wp-block-column is-layout-flow wp-block-column-is-layout-flow\"><\/div>\n<\/div>\n<\/div>\n\n\n\n<div class=\"wp-block-column is-layout-flow wp-block-column-is-layout-flow\">\n<div class=\"wp-block-columns is-layout-flex wp-container-core-columns-is-layout-9d6595d7 wp-block-columns-is-layout-flex\">\n<div class=\"wp-block-column is-layout-flow wp-block-column-is-layout-flow\"><\/div>\n<\/div>\n<\/div>\n<\/div>\n\n\n\n<figure class=\"wp-block-image size-large is-resized\"><img loading=\"lazy\" decoding=\"async\" width=\"1024\" height=\"1024\" src=\"https:\/\/steffis-ponyclub.ch\/wp-content\/uploads\/2024\/04\/LL-Logo-Tpc-Lehrkraft-1024x1024.png\" alt=\"\" class=\"wp-image-143\" style=\"width:152px;height:auto\" srcset=\"https:\/\/steffis-ponyclub.ch\/wp-content\/uploads\/2024\/04\/LL-Logo-Tpc-Lehrkraft-1024x1024.png 1024w, https:\/\/steffis-ponyclub.ch\/wp-content\/uploads\/2024\/04\/LL-Logo-Tpc-Lehrkraft-300x300.png 300w, https:\/\/steffis-ponyclub.ch\/wp-content\/uploads\/2024\/04\/LL-Logo-Tpc-Lehrkraft-150x150.png 150w, https:\/\/steffis-ponyclub.ch\/wp-content\/uploads\/2024\/04\/LL-Logo-Tpc-Lehrkraft-768x768.png 768w, https:\/\/steffis-ponyclub.ch\/wp-content\/uploads\/2024\/04\/LL-Logo-Tpc-Lehrkraft.png 1183w\" sizes=\"auto, (max-width: 1024px) 100vw, 1024px\" \/><\/figure>\n\n\n\n<figure class=\"wp-block-image size-full is-resized\"><img loading=\"lazy\" decoding=\"async\" width=\"360\" height=\"166\" src=\"https:\/\/steffis-ponyclub.ch\/wp-content\/uploads\/2024\/04\/Team-Pony-Concept-Logo-eckig.png\" alt=\"\" class=\"wp-image-297\" style=\"aspect-ratio:2.1687257324391105;width:244px;height:auto\" srcset=\"https:\/\/steffis-ponyclub.ch\/wp-content\/uploads\/2024\/04\/Team-Pony-Concept-Logo-eckig.png 360w, https:\/\/steffis-ponyclub.ch\/wp-content\/uploads\/2024\/04\/Team-Pony-Concept-Logo-eckig-300x138.png 300w\" sizes=\"auto, (max-width: 360px) 100vw, 360px\" \/><\/figure>\n\n\n\n<div style=\"height:42px\" aria-hidden=\"true\" class=\"wp-block-spacer\"><\/div>\n\n\n\n<p class=\"has-large-font-size\"><strong>Team Pony Concept Kurse<\/strong><\/p>\n\n\n\n<p>F\u00fcr Kinder zwischen 3-6 Jahren<br>1 Pony, bis zu 4 Kinder<br><br>Die Kurse werden jeweils in 5er Abos angeboten. <br>&gt; Alle Infos zum Kursablauf unter <a href=\"https:\/\/steffis-ponyclub.ch\/?page_id=156\">Team Pony Concept<\/a><br><br><strong>Dauer:<\/strong> 5 Lektionen, je 90 min<br><strong>Preis:<\/strong> CHF 225.-<\/p>\n\n\n\n<p><\/p>\n\n\n\n<p><\/p>\n\n\n\n<p style=\"font-size:23px\"><strong>Reitkurs mit dem Pony<\/strong><\/p>\n\n\n\n<p><strong>Lernziele:<\/strong><br>1. Pony selber aus dem Stall holen und zur\u00fcckbringen<br>2. Steigb\u00fcgel selber einstellen<br>3. Satteln (mit Betreuung)<br>4. Z\u00e4umen (mit Betreuung)<br>5. Pony im Schritt lenken und anhalten<br>6. Selbstst\u00e4ndig antraben und leichttraben<br><br>In der Gruppe 2 erh\u00e4ltst du einen Pass, auf dem die Ziele, die du erreichst, mit einem Stempel notiert werden. Wenn du alle Lernziele umgesetzt hast, kannst du dich ab dem n\u00e4chsten Halbjahr in die Gruppe 3 integrieren.<br><br>In dieser Gruppe wird neben dem Umgang mit dem Pony und weiteren Gleichgewichts\u00fcbungen auch mit dem selbst\u00e4ndigen Reiten begonnen. Du erlernst dies auch in einzelnen Stunden an der Longe. Neben den Reit\u00fcbungen auf dem Platz unternimmst du auch gef\u00fchrte Ausritte oder Spiele, bei denen du dir in manchen F\u00e4llen ein Pony teilen wirst. In einzelnen Stunden kann es sein, dass du nicht aufs Pony steigst (Theorie, Bodenarbeit, Pflege).<br>Der Kurs wird mit einem 6er Abo angeboten.<\/p>\n\n\n\n<p><strong>Dauer: <\/strong>Einzel 60 min. ab 2 Kinder 90 min. ab 5 Jahren, max 4 Kinder und 2 Pony<br><strong>Preis:<\/strong>   6 Lektionen CHF 270.- f\u00fcr 2 Kinder <br><strong>Preis<\/strong>:   6 Lektionen CHF 330.- Einzellektion<\/p>\n\n\n\n<p><\/p>\n\n\n\n<p><\/p>\n\n\n\n<p class=\"has-large-font-size\"><strong>Reit und Spazierbeteiligung<\/strong><\/p>\n\n\n\n<p>Es besteht auch die M\u00f6glichkeit ein Pony in Pflege zunehmen, man putzt es, umsorgt es, Sattel und Zaumpflege, geht in den Wald reiten oder spazieren oder macht Bodenarbeit auf dem Platz. 2 bis 3 mal in der Woche, je nach Absprache.<br><br><strong>Preis:<\/strong> Pony, Sultana oder Spike CHF 100.-<br><strong>Preis:<\/strong> Pferd, Rosalie oder May   CHF 150.-<\/p>\n\n\n\n<p><\/p>\n\n\n\n<p><\/p>\n\n\n\n<p><\/p>\n\n\n\n<p class=\"has-large-font-size\"><strong>Kindergeburtstage<\/strong><\/p>\n\n\n\n<p><strong>Dein Tag mit den Ponys<\/strong><br>Zirkus oder Schnitzeljagd mit den Pferden, spielen oder einen Schatz suchen,&nbsp;was auch immer \u2013 die Ponys sind dabei. Alles liebevoll arrangiert.<br>Wir gestalten ein individuelles spannendes Programm f\u00fcr drei Stunden mit&nbsp;Spielen und Reiten mit den Ponys. Wir dekorieren den Stall und den Reitplatz, stellen ein Zelt auf, es gibt einen speziell dekorierten Stuhl f\u00fcr das Geburtstagskind und f\u00fcr alle gibt es ein kleines Gesch\u00e4nkli.<br>F\u00fcr ein Kuchenessen oder Imbiss und&nbsp;spezielle Getr\u00e4nke (Sirup offerieren wir) sorgen die Eltern, die Kinder k\u00f6nnen dann in&nbsp;Pferdegesellschaft essen, feiern und spielen.<\/p>\n\n\n\n<p><strong>Preis<\/strong>: Pauschal CHF 150.- <br><strong>Preis<\/strong>: Pro Kind CHF 50.- ab 8 Kinder CHF 40.-<\/p>\n\n\n\n<p><\/p>\n\n\n\n<hr class=\"wp-block-separator has-alpha-channel-opacity\"\/>\n\n\n\n<p class=\"has-large-font-size\"><strong>Muki Vaki Reiten<\/strong><\/p>\n\n\n\n<p>Dieses Angebot gilt f\u00fcr Kinder ab 3 Jahren und ihre Mamis, Papis, Gottis, G\u00f6ttis, Grosseltern oder andere Vertrauenspersonen, die gern mit einem Kind zusammen einen Ponyausflug machen m\u00f6chten.<\/p>\n\n\n\n<p>Als erstes werden die Grundregeln und die Putzlehre vermittelt. Gemeinsam putzen und satteln wir dann das Pferd oder Pony. Dann werden erste Erfahrungen und Eindr\u00fccke auf dem Pferder\u00fccken gesammelt.<br><br>Das Pferd oder Pony wird von einem Elternteil, Gotti, G\u00f6tti oder von den Grosseltern gef\u00fchrt. Nach Wunsch kann auch ich das Pferd\/Pony f\u00fchren, das wird vorg\u00e4ngig abgesprochen.<br><br>Nach dem Ausritt bereiten wir gemeinsam das M\u00fcsli f\u00fcr alle Pferde zu und die Kinder d\u00fcrfen es den Ponys verteilen. Zum Schluss werden die Ponys zusammen in den Stall gebracht.<\/p>\n\n\n\n<p><strong>Dauer: <\/strong><br>Bei 1 Kind 60 min. <br>Ab 2 Kinder 90 min.<br><strong>Preis:<\/strong> CHF 50.-<br><br> <br><\/p>\n\n\n\n<p><\/p>\n\n\n\n<p><\/p>\n\n\n\n<p style=\"font-size:23px\"><strong>Reitunterricht auf Rosaline oder May f\u00fcr Kinder<\/strong><\/p>\n\n\n\n<p style=\"font-size:16px\"><strong>Dauer<\/strong>: 60 min ab 6 Jahre Einzelstunde<br><strong>Dauer<\/strong>: 90 min ab 6 Jahren ab 2 Kinder<br><strong>Preis<\/strong>:   Einzel CHF 65.-\/ ab 2 Kinder CHF 60.-<br><strong>Preis:<\/strong>  6er Abo Einzelstunde CHF 370.- inkl Reitpass<br><strong>Preis<\/strong>:  6er Abo mit 2 Kinder CHF 340.- inkl Reitpass<\/p>\n\n\n\n<p><\/p>\n\n\n\n<p style=\"font-size:23px\"><strong>Reitunterricht auf Rosaline f\u00fcr Erwachsene<\/strong><\/p>\n\n\n\n<p style=\"font-size:16px\"><strong>Dauer<\/strong>: 75 min <br><strong>Preis<\/strong>:   75.-<br><strong>Preis<\/strong>:   6 er Abo CHF 430.- inkl Reitpass<\/p>\n\n\n\n<p><\/p>\n\n\n\n<p style=\"font-size:30px\"><strong>Auch Geschenkgutscheine sind bei uns erh\u00e4ltlich \ud83d\ude42<\/strong><\/p>\n\n\n\n<p style=\"font-size:16px\"><br><strong>Mitbringen:<\/strong><br>Gut passender Reithelm <br>Der Witterung angepasste Kleidung (keine Sandalen!)<br><br>Anmeldung \u00fcber Kontakt:<br><a href=\"https:\/\/steffis-ponyclub.ch\/?page_id=145\">Kontakt<\/a><\/p>\n\n\n\n<hr class=\"wp-block-separator has-alpha-channel-opacity\"\/>\n\n\n\n<figure class=\"wp-block-image size-full is-resized\"><img loading=\"lazy\" decoding=\"async\" width=\"360\" height=\"166\" src=\"https:\/\/steffis-ponyclub.ch\/wp-content\/uploads\/2024\/04\/Team-Pony-Concept-Logo-eckig.png\" alt=\"\" class=\"wp-image-297\" style=\"width:219px;height:auto\" srcset=\"https:\/\/steffis-ponyclub.ch\/wp-content\/uploads\/2024\/04\/Team-Pony-Concept-Logo-eckig.png 360w, https:\/\/steffis-ponyclub.ch\/wp-content\/uploads\/2024\/04\/Team-Pony-Concept-Logo-eckig-300x138.png 300w\" sizes=\"auto, (max-width: 360px) 100vw, 360px\" \/><\/figure>\n\n\n\n<p style=\"font-size:16px\"><\/p>\n","protected":false},"excerpt":{"rendered":"<p>Ponyreiten Bieten wir auch Ponyreiten ohne Lehrg\u00e4nge an:eine Runde durch den Wald ca. 30-40 min. f\u00fcr 30.- Neu: Spazierg\u00e4nge f\u00fcr Erwachsene Entdecken Sie unsere Spazierg\u00e4nge&hellip;<\/p>\n","protected":false},"author":1,"featured_media":0,"parent":0,"menu_order":1,"comment_status":"closed","ping_status":"closed","template":"","meta":{"ngg_post_thumbnail":0,"footnotes":""},"class_list":["post-150","page","type-page","status-publish","hentry"],"yoast_head":"<!-- This site is optimized with the Yoast SEO plugin v27.4 - https:\/\/yoast.com\/product\/yoast-seo-wordpress\/ -->\n<title>Angebote - Steffis Pony Club<\/title>\n<meta name=\"robots\" content=\"index, follow, max-snippet:-1, max-image-preview:large, max-video-preview:-1\" \/>\n<link rel=\"canonical\" href=\"https:\/\/steffis-ponyclub.ch\/?page_id=150\" \/>\n<meta property=\"og:locale\" content=\"de_DE\" \/>\n<meta property=\"og:type\" content=\"article\" \/>\n<meta property=\"og:title\" content=\"Angebote - Steffis Pony Club\" \/>\n<meta property=\"og:description\" content=\"Ponyreiten Bieten wir auch Ponyreiten ohne Lehrg\u00e4nge an:eine Runde durch den Wald ca. 30-40 min. f\u00fcr 30.- Neu: Spazierg\u00e4nge f\u00fcr Erwachsene Entdecken Sie unsere Spazierg\u00e4nge&hellip;\" \/>\n<meta property=\"og:url\" content=\"https:\/\/steffis-ponyclub.ch\/?page_id=150\" \/>\n<meta property=\"og:site_name\" content=\"Steffis Pony Club\" \/>\n<meta property=\"article:modified_time\" content=\"2026-04-02T18:48:29+00:00\" \/>\n<meta property=\"og:image\" content=\"https:\/\/steffis-ponyclub.ch\/wp-content\/uploads\/2025\/09\/Spaziergang-1.jpg\" \/>\n\t<meta property=\"og:image:width\" content=\"1500\" \/>\n\t<meta property=\"og:image:height\" content=\"2000\" \/>\n\t<meta property=\"og:image:type\" content=\"image\/jpeg\" \/>\n<meta name=\"twitter:card\" content=\"summary_large_image\" \/>\n<meta name=\"twitter:label1\" content=\"Gesch\u00e4tzte Lesezeit\" \/>\n\t<meta name=\"twitter:data1\" content=\"5\u00a0Minuten\" \/>\n<script type=\"application\/ld+json\" class=\"yoast-schema-graph\">{\"@context\":\"https:\\\/\\\/schema.org\",\"@graph\":[{\"@type\":\"WebPage\",\"@id\":\"https:\\\/\\\/steffis-ponyclub.ch\\\/?page_id=150\",\"url\":\"https:\\\/\\\/steffis-ponyclub.ch\\\/?page_id=150\",\"name\":\"Angebote - Steffis Pony Club\",\"isPartOf\":{\"@id\":\"https:\\\/\\\/steffis-ponyclub.ch\\\/#website\"},\"primaryImageOfPage\":{\"@id\":\"https:\\\/\\\/steffis-ponyclub.ch\\\/?page_id=150#primaryimage\"},\"image\":{\"@id\":\"https:\\\/\\\/steffis-ponyclub.ch\\\/?page_id=150#primaryimage\"},\"thumbnailUrl\":\"https:\\\/\\\/steffis-ponyclub.ch\\\/wp-content\\\/uploads\\\/2025\\\/09\\\/Spaziergang-1-768x1024.jpg\",\"datePublished\":\"2024-04-20T07:39:29+00:00\",\"dateModified\":\"2026-04-02T18:48:29+00:00\",\"breadcrumb\":{\"@id\":\"https:\\\/\\\/steffis-ponyclub.ch\\\/?page_id=150#breadcrumb\"},\"inLanguage\":\"de\",\"potentialAction\":[{\"@type\":\"ReadAction\",\"target\":[\"https:\\\/\\\/steffis-ponyclub.ch\\\/?page_id=150\"]}]},{\"@type\":\"ImageObject\",\"inLanguage\":\"de\",\"@id\":\"https:\\\/\\\/steffis-ponyclub.ch\\\/?page_id=150#primaryimage\",\"url\":\"https:\\\/\\\/steffis-ponyclub.ch\\\/wp-content\\\/uploads\\\/2025\\\/09\\\/Spaziergang-1.jpg\",\"contentUrl\":\"https:\\\/\\\/steffis-ponyclub.ch\\\/wp-content\\\/uploads\\\/2025\\\/09\\\/Spaziergang-1.jpg\",\"width\":1500,\"height\":2000},{\"@type\":\"BreadcrumbList\",\"@id\":\"https:\\\/\\\/steffis-ponyclub.ch\\\/?page_id=150#breadcrumb\",\"itemListElement\":[{\"@type\":\"ListItem\",\"position\":1,\"name\":\"Startseite\",\"item\":\"https:\\\/\\\/steffis-ponyclub.ch\\\/\"},{\"@type\":\"ListItem\",\"position\":2,\"name\":\"Angebote\"}]},{\"@type\":\"WebSite\",\"@id\":\"https:\\\/\\\/steffis-ponyclub.ch\\\/#website\",\"url\":\"https:\\\/\\\/steffis-ponyclub.ch\\\/\",\"name\":\"Steffis Pony Club\",\"description\":\"Weil wir Tiere lieben\",\"publisher\":{\"@id\":\"https:\\\/\\\/steffis-ponyclub.ch\\\/#organization\"},\"potentialAction\":[{\"@type\":\"SearchAction\",\"target\":{\"@type\":\"EntryPoint\",\"urlTemplate\":\"https:\\\/\\\/steffis-ponyclub.ch\\\/?s={search_term_string}\"},\"query-input\":{\"@type\":\"PropertyValueSpecification\",\"valueRequired\":true,\"valueName\":\"search_term_string\"}}],\"inLanguage\":\"de\"},{\"@type\":\"Organization\",\"@id\":\"https:\\\/\\\/steffis-ponyclub.ch\\\/#organization\",\"name\":\"Steffis Pony Club\",\"url\":\"https:\\\/\\\/steffis-ponyclub.ch\\\/\",\"logo\":{\"@type\":\"ImageObject\",\"inLanguage\":\"de\",\"@id\":\"https:\\\/\\\/steffis-ponyclub.ch\\\/#\\\/schema\\\/logo\\\/image\\\/\",\"url\":\"https:\\\/\\\/steffis-ponyclub.ch\\\/wp-content\\\/uploads\\\/2025\\\/12\\\/cropped-Logo_122025_02.png\",\"contentUrl\":\"https:\\\/\\\/steffis-ponyclub.ch\\\/wp-content\\\/uploads\\\/2025\\\/12\\\/cropped-Logo_122025_02.png\",\"width\":500,\"height\":544,\"caption\":\"Steffis Pony Club\"},\"image\":{\"@id\":\"https:\\\/\\\/steffis-ponyclub.ch\\\/#\\\/schema\\\/logo\\\/image\\\/\"}}]}<\/script>\n<!-- \/ Yoast SEO plugin. -->","yoast_head_json":{"title":"Angebote - Steffis Pony Club","robots":{"index":"index","follow":"follow","max-snippet":"max-snippet:-1","max-image-preview":"max-image-preview:large","max-video-preview":"max-video-preview:-1"},"canonical":"https:\/\/steffis-ponyclub.ch\/?page_id=150","og_locale":"de_DE","og_type":"article","og_title":"Angebote - Steffis Pony Club","og_description":"Ponyreiten Bieten wir auch Ponyreiten ohne Lehrg\u00e4nge an:eine Runde durch den Wald ca. 30-40 min. f\u00fcr 30.- Neu: Spazierg\u00e4nge f\u00fcr Erwachsene Entdecken Sie unsere Spazierg\u00e4nge&hellip;","og_url":"https:\/\/steffis-ponyclub.ch\/?page_id=150","og_site_name":"Steffis Pony Club","article_modified_time":"2026-04-02T18:48:29+00:00","og_image":[{"width":1500,"height":2000,"url":"https:\/\/steffis-ponyclub.ch\/wp-content\/uploads\/2025\/09\/Spaziergang-1.jpg","type":"image\/jpeg"}],"twitter_card":"summary_large_image","twitter_misc":{"Gesch\u00e4tzte Lesezeit":"5\u00a0Minuten"},"schema":{"@context":"https:\/\/schema.org","@graph":[{"@type":"WebPage","@id":"https:\/\/steffis-ponyclub.ch\/?page_id=150","url":"https:\/\/steffis-ponyclub.ch\/?page_id=150","name":"Angebote - Steffis Pony Club","isPartOf":{"@id":"https:\/\/steffis-ponyclub.ch\/#website"},"primaryImageOfPage":{"@id":"https:\/\/steffis-ponyclub.ch\/?page_id=150#primaryimage"},"image":{"@id":"https:\/\/steffis-ponyclub.ch\/?page_id=150#primaryimage"},"thumbnailUrl":"https:\/\/steffis-ponyclub.ch\/wp-content\/uploads\/2025\/09\/Spaziergang-1-768x1024.jpg","datePublished":"2024-04-20T07:39:29+00:00","dateModified":"2026-04-02T18:48:29+00:00","breadcrumb":{"@id":"https:\/\/steffis-ponyclub.ch\/?page_id=150#breadcrumb"},"inLanguage":"de","potentialAction":[{"@type":"ReadAction","target":["https:\/\/steffis-ponyclub.ch\/?page_id=150"]}]},{"@type":"ImageObject","inLanguage":"de","@id":"https:\/\/steffis-ponyclub.ch\/?page_id=150#primaryimage","url":"https:\/\/steffis-ponyclub.ch\/wp-content\/uploads\/2025\/09\/Spaziergang-1.jpg","contentUrl":"https:\/\/steffis-ponyclub.ch\/wp-content\/uploads\/2025\/09\/Spaziergang-1.jpg","width":1500,"height":2000},{"@type":"BreadcrumbList","@id":"https:\/\/steffis-ponyclub.ch\/?page_id=150#breadcrumb","itemListElement":[{"@type":"ListItem","position":1,"name":"Startseite","item":"https:\/\/steffis-ponyclub.ch\/"},{"@type":"ListItem","position":2,"name":"Angebote"}]},{"@type":"WebSite","@id":"https:\/\/steffis-ponyclub.ch\/#website","url":"https:\/\/steffis-ponyclub.ch\/","name":"Steffis Pony Club","description":"Weil wir Tiere lieben","publisher":{"@id":"https:\/\/steffis-ponyclub.ch\/#organization"},"potentialAction":[{"@type":"SearchAction","target":{"@type":"EntryPoint","urlTemplate":"https:\/\/steffis-ponyclub.ch\/?s={search_term_string}"},"query-input":{"@type":"PropertyValueSpecification","valueRequired":true,"valueName":"search_term_string"}}],"inLanguage":"de"},{"@type":"Organization","@id":"https:\/\/steffis-ponyclub.ch\/#organization","name":"Steffis Pony Club","url":"https:\/\/steffis-ponyclub.ch\/","logo":{"@type":"ImageObject","inLanguage":"de","@id":"https:\/\/steffis-ponyclub.ch\/#\/schema\/logo\/image\/","url":"https:\/\/steffis-ponyclub.ch\/wp-content\/uploads\/2025\/12\/cropped-Logo_122025_02.png","contentUrl":"https:\/\/steffis-ponyclub.ch\/wp-content\/uploads\/2025\/12\/cropped-Logo_122025_02.png","width":500,"height":544,"caption":"Steffis Pony Club"},"image":{"@id":"https:\/\/steffis-ponyclub.ch\/#\/schema\/logo\/image\/"}}]}},"_links":{"self":[{"href":"https:\/\/steffis-ponyclub.ch\/index.php?rest_route=\/wp\/v2\/pages\/150","targetHints":{"allow":["GET"]}}],"collection":[{"href":"https:\/\/steffis-ponyclub.ch\/index.php?rest_route=\/wp\/v2\/pages"}],"about":[{"href":"https:\/\/steffis-ponyclub.ch\/index.php?rest_route=\/wp\/v2\/types\/page"}],"author":[{"embeddable":true,"href":"https:\/\/steffis-ponyclub.ch\/index.php?rest_route=\/wp\/v2\/users\/1"}],"replies":[{"embeddable":true,"href":"https:\/\/steffis-ponyclub.ch\/index.php?rest_route=%2Fwp%2Fv2%2Fcomments&post=150"}],"version-history":[{"count":76,"href":"https:\/\/steffis-ponyclub.ch\/index.php?rest_route=\/wp\/v2\/pages\/150\/revisions"}],"predecessor-version":[{"id":2079,"href":"https:\/\/steffis-ponyclub.ch\/index.php?rest_route=\/wp\/v2\/pages\/150\/revisions\/2079"}],"wp:attachment":[{"href":"https:\/\/steffis-ponyclub.ch\/index.php?rest_route=%2Fwp%2Fv2%2Fmedia&parent=150"}],"curies":[{"name":"wp","href":"https:\/\/api.w.org\/{rel}","templated":true}]}}