{"id":156,"date":"2024-04-20T07:40:54","date_gmt":"2024-04-20T07:40:54","guid":{"rendered":"https:\/\/steffis-ponyclub.ch\/?page_id=156"},"modified":"2025-05-04T15:35:08","modified_gmt":"2025-05-04T15:35:08","slug":"team-pony-concept","status":"publish","type":"page","link":"https:\/\/steffis-ponyclub.ch\/?page_id=156","title":{"rendered":"Team Pony Concept"},"content":{"rendered":"\n<div style=\"height:11px\" aria-hidden=\"true\" class=\"wp-block-spacer\"><\/div>\n\n\n\n<figure class=\"wp-block-image size-large is-resized\"><img loading=\"lazy\" decoding=\"async\" width=\"1024\" height=\"1024\" src=\"https:\/\/steffis-ponyclub.ch\/wp-content\/uploads\/2024\/04\/LL-Logo-Tpc-Lehrkraft-1024x1024.png\" alt=\"\" class=\"wp-image-143\" style=\"width:238px;height:auto\" srcset=\"https:\/\/steffis-ponyclub.ch\/wp-content\/uploads\/2024\/04\/LL-Logo-Tpc-Lehrkraft-1024x1024.png 1024w, https:\/\/steffis-ponyclub.ch\/wp-content\/uploads\/2024\/04\/LL-Logo-Tpc-Lehrkraft-300x300.png 300w, https:\/\/steffis-ponyclub.ch\/wp-content\/uploads\/2024\/04\/LL-Logo-Tpc-Lehrkraft-150x150.png 150w, https:\/\/steffis-ponyclub.ch\/wp-content\/uploads\/2024\/04\/LL-Logo-Tpc-Lehrkraft-768x768.png 768w, https:\/\/steffis-ponyclub.ch\/wp-content\/uploads\/2024\/04\/LL-Logo-Tpc-Lehrkraft.png 1183w\" sizes=\"auto, (max-width: 1024px) 100vw, 1024px\" \/><\/figure>\n\n\n\n<div style=\"height:26px\" aria-hidden=\"true\" class=\"wp-block-spacer\"><\/div>\n\n\n\n<p style=\"font-size:25px\"><strong>Spielend lernen<\/strong><\/p>\n\n\n\n<div class=\"wp-block-columns is-layout-flex wp-container-core-columns-is-layout-9d6595d7 wp-block-columns-is-layout-flex\">\n<div class=\"wp-block-column is-layout-flow wp-block-column-is-layout-flow\" style=\"flex-basis:25%\">\n<figure class=\"wp-block-image size-large\"><img loading=\"lazy\" decoding=\"async\" width=\"768\" height=\"1024\" src=\"https:\/\/steffis-ponyclub.ch\/wp-content\/uploads\/2025\/05\/IMG_5243-768x1024.jpg\" alt=\"\" class=\"wp-image-1395\" srcset=\"https:\/\/steffis-ponyclub.ch\/wp-content\/uploads\/2025\/05\/IMG_5243-768x1024.jpg 768w, https:\/\/steffis-ponyclub.ch\/wp-content\/uploads\/2025\/05\/IMG_5243-225x300.jpg 225w, https:\/\/steffis-ponyclub.ch\/wp-content\/uploads\/2025\/05\/IMG_5243-1152x1536.jpg 1152w, https:\/\/steffis-ponyclub.ch\/wp-content\/uploads\/2025\/05\/IMG_5243-1536x2048.jpg 1536w, https:\/\/steffis-ponyclub.ch\/wp-content\/uploads\/2025\/05\/IMG_5243-scaled.jpg 1920w\" sizes=\"auto, (max-width: 768px) 100vw, 768px\" \/><\/figure>\n<\/div>\n\n\n\n<div class=\"wp-block-column is-layout-flow wp-block-column-is-layout-flow\" style=\"flex-basis:25%\">\n<figure class=\"wp-block-image size-large\"><img loading=\"lazy\" decoding=\"async\" width=\"706\" height=\"1024\" src=\"https:\/\/steffis-ponyclub.ch\/wp-content\/uploads\/2025\/05\/1a00d411-61b1-41ca-8910-6a81615db099-1-706x1024.jpg\" alt=\"\" class=\"wp-image-1411\" srcset=\"https:\/\/steffis-ponyclub.ch\/wp-content\/uploads\/2025\/05\/1a00d411-61b1-41ca-8910-6a81615db099-1-706x1024.jpg 706w, https:\/\/steffis-ponyclub.ch\/wp-content\/uploads\/2025\/05\/1a00d411-61b1-41ca-8910-6a81615db099-1-207x300.jpg 207w, https:\/\/steffis-ponyclub.ch\/wp-content\/uploads\/2025\/05\/1a00d411-61b1-41ca-8910-6a81615db099-1-768x1114.jpg 768w, https:\/\/steffis-ponyclub.ch\/wp-content\/uploads\/2025\/05\/1a00d411-61b1-41ca-8910-6a81615db099-1-1059x1536.jpg 1059w, https:\/\/steffis-ponyclub.ch\/wp-content\/uploads\/2025\/05\/1a00d411-61b1-41ca-8910-6a81615db099-1.jpg 1389w\" sizes=\"auto, (max-width: 706px) 100vw, 706px\" \/><\/figure>\n<\/div>\n<\/div>\n\n\n\n<p><strong>Was erwartet ihre Kinder in unseren Team Pony-Kurs<\/strong><br>Kinder (M\u00e4dchen wie Jungs) sind wissbegierig, Kinder sind neugierig, Kinder haben sehr viel Energie und viele Kinder lieben Ponys. Unsere Kurse bieten ihren Kindern einen Spielraum rund um Ponys, in dem es viel Neues zu entdecken gibt, in dem sie sich austoben und in dem sie sich f\u00fcr ihr weiteres Leben kreativ weiterentwickeln k\u00f6nnen.&nbsp; &nbsp;<\/p>\n\n\n\n<p><strong>Spielend in die Welt der Ponys eintauchen<br><\/strong>Ponys brauchen Liebe. Ponys brauchen F\u00fcrsorge. In welcher Welt lebt ein Pony? Was frisst ein Pony? Wovor hat ein Pony Angst? Ponys tr\u00f6sten. Ponys sind aufmerksam. Ponys sind tolle Freunde. Ihre Kinder tauchen ein in die Welt unserer Ponys.<br>Spielend lernen ihre Kinder f\u00fcrsorglich zu sein, Verantwortung zu \u00fcbernehmen, aufmerksam zu sein, was es hei\u00dft zum \u201eExperten\u201c zu werden, stolz auf sich zu sein, selbstbewusst zu werden. Unsere Angebote sind kindgerecht, spielerisch und bewegungsaktiv gestaltet. Genau das ist es auch, was Kinder daran so begeistert. Kinder m\u00f6chten nicht nur auf dem R\u00fccken der Pferde sitzen, sondern Zeit mit ihnen verbringen, das Pony zum Freund gewinnen, alles \u00fcber Pferde wissen und lernen.&nbsp; Bei uns geht es nicht um Leistung, wie lange das Kind auf dem Pferder\u00fccken sitzt. Denn Pferde bieten ein gro\u00dfes Lernfeld, nicht nur auf dem Pferder\u00fccken, sondern auch im Umgang mit ihnen.<\/p>\n\n\n\n<p><strong>Spielend in Bewegung sein<\/strong>&nbsp;<br>Ihre Kinder laufen, springen, reiten, tanzen, schreien, lachen, wiehern, klettern, kriechen, singen, fangen, stolzieren und und und.<br>Spielend lernen ihre Kinder Grenzen zu \u00fcberschreiten, ihr Gleichgewicht zu finden, sich mit sich selbst aktiv auseinanderzusetzen. Der Kontakt mit Pferden bewegt und entspannt, k\u00f6rperlich und seelisch. Spielen tut einfach gut! Kinder wachsen mit ihren Aufgaben! &nbsp;Unsere Idee ist es&nbsp;, kindgerechte Spiel und Bewegungsformen anzubieten, die Ihrem Kind Spiel und Freude an der Bewegung vermitteln und nebenbei noch die psychomotorische Entwicklung f\u00f6rdert.&nbsp;Mit Leichtigkeit werden nebenbei reiterliche \u00dcbungen oder Themen rund ums Pferd erarbeitet.<\/p>\n\n\n\n<p><strong>Spielend im Team sein<\/strong>&nbsp;<br>Kinder lieben es mit Spa\u00df und Begeisterung an der Natur, mit Tieren und Freunden eine gute Zeit zu verbringen. Wenn Kinder spielen hei\u00dft das, sich auseinanderzusetzen, gemeinsam zu lachen, entspannt und fr\u00f6hlich zu sein. Ihre Kinder spielen in Gruppen, nehmen Rollen ein, wechseln die Rollen, lachen gemeinsam, schmieden Pl\u00e4ne, handeln im Team, wachsen mit ihren Aufgaben.<br>Spielend lernen ihre Kinder Ideen zu entwickeln, Ideen einzubringen, Ideen zu vertreten, gemeinsam Konflikte zu l\u00f6sen, im Team stark zu sein, soziale Kontakte zu pflegen.<br>Es ist toll zu beobachten wie fein und einf\u00fchlsam die Kinder&nbsp; mit den Ponys umgehen. Sie sind sehr um das Wohl aller Tiere besorgt und k\u00fcmmern sich liebevoll um alle Ponys. Dieses Sich-k\u00fcmmern \u00fcbertr\u00e4gt sich fast immer auch auf die anderen Kinder in der Gruppe und so werden tolle Teams und Freundschaften entstehen, die sehr aufeinander achten und gemeinsam Spa\u00df haben. &nbsp;Kinder mit Beeintr\u00e4chtigungen haben die Chance von der Gruppenarbeit zu profitieren. I<\/p>\n\n\n\n<p><strong>Spielend die Natur genie\u00dfen<\/strong>&nbsp;<br>Ihre Kinder beobachten, h\u00f6ren, riechen, schmecken, werden schmutzig, werden nass. Sie erleben unsere sch\u00f6ne Natur, an der frischen Luft, hautnah, zum Anfassen, mit Ponys. Was ist giftig? Was ist n\u00fctzlich? Auf was muss ich achten? Was gibt es zu entdecken? Spielend lernen ihre Kinder was Natur ist, diese zu sch\u00e4tzen , sich in ihr zu orientieren, sie zu erhalten.&nbsp; &nbsp; &nbsp;<\/p>\n\n\n\n<p><\/p>\n","protected":false},"excerpt":{"rendered":"<p>Spielend lernen Was erwartet ihre Kinder in unseren Team Pony-KursKinder (M\u00e4dchen wie Jungs) sind wissbegierig, Kinder sind neugierig, Kinder haben sehr viel Energie und viele&hellip;<\/p>\n","protected":false},"author":1,"featured_media":0,"parent":0,"menu_order":1,"comment_status":"closed","ping_status":"closed","template":"","meta":{"ngg_post_thumbnail":0,"footnotes":""},"class_list":["post-156","page","type-page","status-publish","hentry"],"yoast_head":"<!-- This site is optimized with the Yoast SEO plugin v27.4 - https:\/\/yoast.com\/product\/yoast-seo-wordpress\/ -->\n<title>Team Pony Concept - Steffis Pony Club<\/title>\n<meta name=\"robots\" content=\"index, follow, max-snippet:-1, max-image-preview:large, max-video-preview:-1\" \/>\n<link rel=\"canonical\" href=\"https:\/\/steffis-ponyclub.ch\/?page_id=156\" \/>\n<meta property=\"og:locale\" content=\"de_DE\" \/>\n<meta property=\"og:type\" content=\"article\" \/>\n<meta property=\"og:title\" content=\"Team Pony Concept - Steffis Pony Club\" \/>\n<meta property=\"og:description\" content=\"Spielend lernen Was erwartet ihre Kinder in unseren Team Pony-KursKinder (M\u00e4dchen wie Jungs) sind wissbegierig, Kinder sind neugierig, Kinder haben sehr viel Energie und viele&hellip;\" \/>\n<meta property=\"og:url\" content=\"https:\/\/steffis-ponyclub.ch\/?page_id=156\" \/>\n<meta property=\"og:site_name\" content=\"Steffis Pony Club\" \/>\n<meta property=\"article:modified_time\" content=\"2025-05-04T15:35:08+00:00\" \/>\n<meta property=\"og:image\" content=\"https:\/\/steffis-ponyclub.ch\/wp-content\/uploads\/2024\/04\/LL-Logo-Tpc-Lehrkraft.png\" \/>\n\t<meta property=\"og:image:width\" content=\"1183\" \/>\n\t<meta property=\"og:image:height\" content=\"1183\" \/>\n\t<meta property=\"og:image:type\" content=\"image\/png\" \/>\n<meta name=\"twitter:card\" content=\"summary_large_image\" \/>\n<meta name=\"twitter:label1\" content=\"Gesch\u00e4tzte Lesezeit\" \/>\n\t<meta name=\"twitter:data1\" content=\"4\u00a0Minuten\" \/>\n<script type=\"application\/ld+json\" class=\"yoast-schema-graph\">{\"@context\":\"https:\\\/\\\/schema.org\",\"@graph\":[{\"@type\":\"WebPage\",\"@id\":\"https:\\\/\\\/steffis-ponyclub.ch\\\/?page_id=156\",\"url\":\"https:\\\/\\\/steffis-ponyclub.ch\\\/?page_id=156\",\"name\":\"Team Pony Concept - Steffis Pony Club\",\"isPartOf\":{\"@id\":\"https:\\\/\\\/steffis-ponyclub.ch\\\/#website\"},\"primaryImageOfPage\":{\"@id\":\"https:\\\/\\\/steffis-ponyclub.ch\\\/?page_id=156#primaryimage\"},\"image\":{\"@id\":\"https:\\\/\\\/steffis-ponyclub.ch\\\/?page_id=156#primaryimage\"},\"thumbnailUrl\":\"https:\\\/\\\/steffis-ponyclub.ch\\\/wp-content\\\/uploads\\\/2024\\\/04\\\/LL-Logo-Tpc-Lehrkraft-1024x1024.png\",\"datePublished\":\"2024-04-20T07:40:54+00:00\",\"dateModified\":\"2025-05-04T15:35:08+00:00\",\"breadcrumb\":{\"@id\":\"https:\\\/\\\/steffis-ponyclub.ch\\\/?page_id=156#breadcrumb\"},\"inLanguage\":\"de\",\"potentialAction\":[{\"@type\":\"ReadAction\",\"target\":[\"https:\\\/\\\/steffis-ponyclub.ch\\\/?page_id=156\"]}]},{\"@type\":\"ImageObject\",\"inLanguage\":\"de\",\"@id\":\"https:\\\/\\\/steffis-ponyclub.ch\\\/?page_id=156#primaryimage\",\"url\":\"https:\\\/\\\/steffis-ponyclub.ch\\\/wp-content\\\/uploads\\\/2024\\\/04\\\/LL-Logo-Tpc-Lehrkraft.png\",\"contentUrl\":\"https:\\\/\\\/steffis-ponyclub.ch\\\/wp-content\\\/uploads\\\/2024\\\/04\\\/LL-Logo-Tpc-Lehrkraft.png\",\"width\":1183,\"height\":1183},{\"@type\":\"BreadcrumbList\",\"@id\":\"https:\\\/\\\/steffis-ponyclub.ch\\\/?page_id=156#breadcrumb\",\"itemListElement\":[{\"@type\":\"ListItem\",\"position\":1,\"name\":\"Startseite\",\"item\":\"https:\\\/\\\/steffis-ponyclub.ch\\\/\"},{\"@type\":\"ListItem\",\"position\":2,\"name\":\"Team Pony Concept\"}]},{\"@type\":\"WebSite\",\"@id\":\"https:\\\/\\\/steffis-ponyclub.ch\\\/#website\",\"url\":\"https:\\\/\\\/steffis-ponyclub.ch\\\/\",\"name\":\"Steffis Pony Club\",\"description\":\"Weil wir Tiere lieben\",\"publisher\":{\"@id\":\"https:\\\/\\\/steffis-ponyclub.ch\\\/#organization\"},\"potentialAction\":[{\"@type\":\"SearchAction\",\"target\":{\"@type\":\"EntryPoint\",\"urlTemplate\":\"https:\\\/\\\/steffis-ponyclub.ch\\\/?s={search_term_string}\"},\"query-input\":{\"@type\":\"PropertyValueSpecification\",\"valueRequired\":true,\"valueName\":\"search_term_string\"}}],\"inLanguage\":\"de\"},{\"@type\":\"Organization\",\"@id\":\"https:\\\/\\\/steffis-ponyclub.ch\\\/#organization\",\"name\":\"Steffis Pony Club\",\"url\":\"https:\\\/\\\/steffis-ponyclub.ch\\\/\",\"logo\":{\"@type\":\"ImageObject\",\"inLanguage\":\"de\",\"@id\":\"https:\\\/\\\/steffis-ponyclub.ch\\\/#\\\/schema\\\/logo\\\/image\\\/\",\"url\":\"https:\\\/\\\/steffis-ponyclub.ch\\\/wp-content\\\/uploads\\\/2025\\\/12\\\/cropped-Logo_122025_02.png\",\"contentUrl\":\"https:\\\/\\\/steffis-ponyclub.ch\\\/wp-content\\\/uploads\\\/2025\\\/12\\\/cropped-Logo_122025_02.png\",\"width\":500,\"height\":544,\"caption\":\"Steffis Pony Club\"},\"image\":{\"@id\":\"https:\\\/\\\/steffis-ponyclub.ch\\\/#\\\/schema\\\/logo\\\/image\\\/\"}}]}<\/script>\n<!-- \/ Yoast SEO plugin. -->","yoast_head_json":{"title":"Team Pony Concept - Steffis Pony Club","robots":{"index":"index","follow":"follow","max-snippet":"max-snippet:-1","max-image-preview":"max-image-preview:large","max-video-preview":"max-video-preview:-1"},"canonical":"https:\/\/steffis-ponyclub.ch\/?page_id=156","og_locale":"de_DE","og_type":"article","og_title":"Team Pony Concept - Steffis Pony Club","og_description":"Spielend lernen Was erwartet ihre Kinder in unseren Team Pony-KursKinder (M\u00e4dchen wie Jungs) sind wissbegierig, Kinder sind neugierig, Kinder haben sehr viel Energie und viele&hellip;","og_url":"https:\/\/steffis-ponyclub.ch\/?page_id=156","og_site_name":"Steffis Pony Club","article_modified_time":"2025-05-04T15:35:08+00:00","og_image":[{"width":1183,"height":1183,"url":"https:\/\/steffis-ponyclub.ch\/wp-content\/uploads\/2024\/04\/LL-Logo-Tpc-Lehrkraft.png","type":"image\/png"}],"twitter_card":"summary_large_image","twitter_misc":{"Gesch\u00e4tzte Lesezeit":"4\u00a0Minuten"},"schema":{"@context":"https:\/\/schema.org","@graph":[{"@type":"WebPage","@id":"https:\/\/steffis-ponyclub.ch\/?page_id=156","url":"https:\/\/steffis-ponyclub.ch\/?page_id=156","name":"Team Pony Concept - Steffis Pony Club","isPartOf":{"@id":"https:\/\/steffis-ponyclub.ch\/#website"},"primaryImageOfPage":{"@id":"https:\/\/steffis-ponyclub.ch\/?page_id=156#primaryimage"},"image":{"@id":"https:\/\/steffis-ponyclub.ch\/?page_id=156#primaryimage"},"thumbnailUrl":"https:\/\/steffis-ponyclub.ch\/wp-content\/uploads\/2024\/04\/LL-Logo-Tpc-Lehrkraft-1024x1024.png","datePublished":"2024-04-20T07:40:54+00:00","dateModified":"2025-05-04T15:35:08+00:00","breadcrumb":{"@id":"https:\/\/steffis-ponyclub.ch\/?page_id=156#breadcrumb"},"inLanguage":"de","potentialAction":[{"@type":"ReadAction","target":["https:\/\/steffis-ponyclub.ch\/?page_id=156"]}]},{"@type":"ImageObject","inLanguage":"de","@id":"https:\/\/steffis-ponyclub.ch\/?page_id=156#primaryimage","url":"https:\/\/steffis-ponyclub.ch\/wp-content\/uploads\/2024\/04\/LL-Logo-Tpc-Lehrkraft.png","contentUrl":"https:\/\/steffis-ponyclub.ch\/wp-content\/uploads\/2024\/04\/LL-Logo-Tpc-Lehrkraft.png","width":1183,"height":1183},{"@type":"BreadcrumbList","@id":"https:\/\/steffis-ponyclub.ch\/?page_id=156#breadcrumb","itemListElement":[{"@type":"ListItem","position":1,"name":"Startseite","item":"https:\/\/steffis-ponyclub.ch\/"},{"@type":"ListItem","position":2,"name":"Team Pony Concept"}]},{"@type":"WebSite","@id":"https:\/\/steffis-ponyclub.ch\/#website","url":"https:\/\/steffis-ponyclub.ch\/","name":"Steffis Pony Club","description":"Weil wir Tiere lieben","publisher":{"@id":"https:\/\/steffis-ponyclub.ch\/#organization"},"potentialAction":[{"@type":"SearchAction","target":{"@type":"EntryPoint","urlTemplate":"https:\/\/steffis-ponyclub.ch\/?s={search_term_string}"},"query-input":{"@type":"PropertyValueSpecification","valueRequired":true,"valueName":"search_term_string"}}],"inLanguage":"de"},{"@type":"Organization","@id":"https:\/\/steffis-ponyclub.ch\/#organization","name":"Steffis Pony Club","url":"https:\/\/steffis-ponyclub.ch\/","logo":{"@type":"ImageObject","inLanguage":"de","@id":"https:\/\/steffis-ponyclub.ch\/#\/schema\/logo\/image\/","url":"https:\/\/steffis-ponyclub.ch\/wp-content\/uploads\/2025\/12\/cropped-Logo_122025_02.png","contentUrl":"https:\/\/steffis-ponyclub.ch\/wp-content\/uploads\/2025\/12\/cropped-Logo_122025_02.png","width":500,"height":544,"caption":"Steffis Pony Club"},"image":{"@id":"https:\/\/steffis-ponyclub.ch\/#\/schema\/logo\/image\/"}}]}},"_links":{"self":[{"href":"https:\/\/steffis-ponyclub.ch\/index.php?rest_route=\/wp\/v2\/pages\/156","targetHints":{"allow":["GET"]}}],"collection":[{"href":"https:\/\/steffis-ponyclub.ch\/index.php?rest_route=\/wp\/v2\/pages"}],"about":[{"href":"https:\/\/steffis-ponyclub.ch\/index.php?rest_route=\/wp\/v2\/types\/page"}],"author":[{"embeddable":true,"href":"https:\/\/steffis-ponyclub.ch\/index.php?rest_route=\/wp\/v2\/users\/1"}],"replies":[{"embeddable":true,"href":"https:\/\/steffis-ponyclub.ch\/index.php?rest_route=%2Fwp%2Fv2%2Fcomments&post=156"}],"version-history":[{"count":19,"href":"https:\/\/steffis-ponyclub.ch\/index.php?rest_route=\/wp\/v2\/pages\/156\/revisions"}],"predecessor-version":[{"id":1413,"href":"https:\/\/steffis-ponyclub.ch\/index.php?rest_route=\/wp\/v2\/pages\/156\/revisions\/1413"}],"wp:attachment":[{"href":"https:\/\/steffis-ponyclub.ch\/index.php?rest_route=%2Fwp%2Fv2%2Fmedia&parent=156"}],"curies":[{"name":"wp","href":"https:\/\/api.w.org\/{rel}","templated":true}]}}