{"id":158,"date":"2024-04-20T07:41:22","date_gmt":"2024-04-20T07:41:22","guid":{"rendered":"https:\/\/steffis-ponyclub.ch\/?page_id=158"},"modified":"2026-04-03T10:08:51","modified_gmt":"2026-04-03T10:08:51","slug":"eltern-info","status":"publish","type":"page","link":"https:\/\/steffis-ponyclub.ch\/?page_id=158","title":{"rendered":"Eltern Info"},"content":{"rendered":"\n<figure class=\"wp-block-image size-large is-resized\"><img loading=\"lazy\" decoding=\"async\" width=\"1024\" height=\"1024\" src=\"https:\/\/steffis-ponyclub.ch\/wp-content\/uploads\/2024\/04\/LL-Logo-Tpc-Lehrkraft-1024x1024.png\" alt=\"\" class=\"wp-image-143\" style=\"width:224px;height:auto\" srcset=\"https:\/\/steffis-ponyclub.ch\/wp-content\/uploads\/2024\/04\/LL-Logo-Tpc-Lehrkraft-1024x1024.png 1024w, https:\/\/steffis-ponyclub.ch\/wp-content\/uploads\/2024\/04\/LL-Logo-Tpc-Lehrkraft-300x300.png 300w, https:\/\/steffis-ponyclub.ch\/wp-content\/uploads\/2024\/04\/LL-Logo-Tpc-Lehrkraft-150x150.png 150w, https:\/\/steffis-ponyclub.ch\/wp-content\/uploads\/2024\/04\/LL-Logo-Tpc-Lehrkraft-768x768.png 768w, https:\/\/steffis-ponyclub.ch\/wp-content\/uploads\/2024\/04\/LL-Logo-Tpc-Lehrkraft.png 1183w\" sizes=\"auto, (max-width: 1024px) 100vw, 1024px\" \/><\/figure>\n\n\n\n<p style=\"font-size:25px\"><strong>Eltern-Info zur Kursteilnahme<\/strong><\/p>\n\n\n\n<p>Die Kurse finden bei jedem Wetter statt.<\/p>\n\n\n\n<p>Die Kurse sind fortlaufend, sodass ihr Kind in weiteren fortf\u00fchrenden Kursen teilnehmen kann.&nbsp;Wir empfehlen eine l\u00e4ngerfristige Teilnahme ihres Kindes, um individuelle F\u00f6rderkonzepte zu erarbeiten und auch umsetzen zu k\u00f6nnen. Ausfallzeiten&nbsp;eurerseits k\u00f6nnen leider nicht r\u00fcckerstattet und nachgeholt werden.<\/p>\n\n\n\n<p>Bei l\u00e4ngerem krankheitsbedingtem Ausfall oder einer Kurma\u00dfnahme finden wir selbstverst\u00e4ndlich eine L\u00f6sung. Lasst uns reden!<\/p>\n\n\n\n<p><strong>Was soll mein Kind anziehen?<\/strong><\/p>\n\n\n\n<ul class=\"wp-block-list\">\n<li>Geschlossene, feste Schuhe (keine Sandalen, Barfu\u00dfschuhe oder auch keine Nike Air Turnschuhe mit leichtem Stoff), sollte zum Schutz der Fu\u00dfzehen dienen!<\/li>\n\n\n\n<li>bequeme Kleidung (die schmutzig werden darf!) Leggings oder andere Stretch-Hosen haben sich bew\u00e4hrt.<\/li>\n\n\n\n<li>bei Regen: Regenjacke und Regenhose<\/li>\n\n\n\n<li>im Sommer: Sonnenschutz<\/li>\n\n\n\n<li>im Winter: M\u00fctze, die unter den Helm passt, Handschuhe und Schneehose<\/li>\n\n\n\n<li>Wir haben Leihhelme, aber die Kinder f\u00fchlen sich erfahrungsgem\u00e4\u00df mit dem eigenen Helm wohler. Die erste Anschaffung sollte daher auch einen&nbsp;<strong>passenden<\/strong>&nbsp;<strong>Reithelm<\/strong>&nbsp;sein. Wir empfehlen ein Reitsportgesch\u00e4ft, f\u00fcr die richtige Beratung.<\/li>\n<\/ul>\n\n\n\n<p><strong>Parken &amp; Treffpunkt<\/strong><\/p>\n\n\n\n<p>Unser Treffpunkt ist beim hinteren Ponystall. Parkieren kann man gleich nach dem H\u00fchnerauslauf\/Stall.<\/p>\n\n\n\n<p><strong>Wie laufen die Stunden ab?<\/strong><\/p>\n\n\n\n<p>Wenn du Fragen hast, oder einfach Austausch \u00fcber dein Kind w\u00fcnschst, k\u00f6nnen wir gerne einen (Telefon)-termin vereinbaren.&nbsp;F\u00fcr spontane, l\u00e4ngere Elterngespr\u00e4che ist vor oder nach&nbsp;den Stunden leider keine Zeit,&nbsp;da wir da f\u00fcr die Kinder da sein m\u00f6chten.<\/p>\n\n\n\n<p><strong>Und wenn doch etwas passiert?<\/strong><\/p>\n\n\n\n<p>Unsere Ponys sind ruhige, ausgeglichene Pers\u00f6nlichkeiten, die die Arbeit mit Kindern gew\u00f6hnt sind und m\u00f6gen. Aus rechtlichen Gr\u00fcnden m\u00fcssen wir aber darauf hinweisen, dass Ponys Tiere sind. Es ist daher&nbsp;m\u00f6glich, dass diese zwicken, bei\u00dfen, treten oder sich auf einen&nbsp;Fu\u00df stellen. Beim Reiten ist es m\u00f6glich herunterzufallen.&nbsp;Daher hat jedes unserer Ponys auch&nbsp;eine Schulpferde-Haftpflichtversicherung. Die Kinder sind w\u00e4hrend des Kurses gegen Sch\u00e4den, die durch das Pony verursacht werden, versichert. Trotzdem ist es ratsam, zus\u00e4tzlich eine private Unfallversicherung abzuschlie\u00dfen.<br><\/p>\n","protected":false},"excerpt":{"rendered":"<p>Eltern-Info zur Kursteilnahme Die Kurse finden bei jedem Wetter statt. Die Kurse sind fortlaufend, sodass ihr Kind in weiteren fortf\u00fchrenden Kursen teilnehmen kann.&nbsp;Wir empfehlen eine&hellip;<\/p>\n","protected":false},"author":1,"featured_media":0,"parent":0,"menu_order":1,"comment_status":"closed","ping_status":"closed","template":"","meta":{"ngg_post_thumbnail":0,"footnotes":""},"class_list":["post-158","page","type-page","status-publish","hentry"],"yoast_head":"<!-- This site is optimized with the Yoast SEO plugin v27.4 - https:\/\/yoast.com\/product\/yoast-seo-wordpress\/ -->\n<title>Eltern Info - Steffis Pony Club<\/title>\n<meta name=\"robots\" content=\"index, follow, max-snippet:-1, max-image-preview:large, max-video-preview:-1\" \/>\n<link rel=\"canonical\" href=\"https:\/\/steffis-ponyclub.ch\/?page_id=158\" \/>\n<meta property=\"og:locale\" content=\"de_DE\" \/>\n<meta property=\"og:type\" content=\"article\" \/>\n<meta property=\"og:title\" content=\"Eltern Info - Steffis Pony Club\" \/>\n<meta property=\"og:description\" content=\"Eltern-Info zur Kursteilnahme Die Kurse finden bei jedem Wetter statt. Die Kurse sind fortlaufend, sodass ihr Kind in weiteren fortf\u00fchrenden Kursen teilnehmen kann.&nbsp;Wir empfehlen eine&hellip;\" \/>\n<meta property=\"og:url\" content=\"https:\/\/steffis-ponyclub.ch\/?page_id=158\" \/>\n<meta property=\"og:site_name\" content=\"Steffis Pony Club\" \/>\n<meta property=\"article:modified_time\" content=\"2026-04-03T10:08:51+00:00\" \/>\n<meta property=\"og:image\" content=\"https:\/\/steffis-ponyclub.ch\/wp-content\/uploads\/2024\/04\/LL-Logo-Tpc-Lehrkraft.png\" \/>\n\t<meta property=\"og:image:width\" content=\"1183\" \/>\n\t<meta property=\"og:image:height\" content=\"1183\" \/>\n\t<meta property=\"og:image:type\" content=\"image\/png\" \/>\n<meta name=\"twitter:card\" content=\"summary_large_image\" \/>\n<meta name=\"twitter:label1\" content=\"Gesch\u00e4tzte Lesezeit\" \/>\n\t<meta name=\"twitter:data1\" content=\"2\u00a0Minuten\" \/>\n<script type=\"application\/ld+json\" class=\"yoast-schema-graph\">{\"@context\":\"https:\\\/\\\/schema.org\",\"@graph\":[{\"@type\":\"WebPage\",\"@id\":\"https:\\\/\\\/steffis-ponyclub.ch\\\/?page_id=158\",\"url\":\"https:\\\/\\\/steffis-ponyclub.ch\\\/?page_id=158\",\"name\":\"Eltern Info - Steffis Pony Club\",\"isPartOf\":{\"@id\":\"https:\\\/\\\/steffis-ponyclub.ch\\\/#website\"},\"primaryImageOfPage\":{\"@id\":\"https:\\\/\\\/steffis-ponyclub.ch\\\/?page_id=158#primaryimage\"},\"image\":{\"@id\":\"https:\\\/\\\/steffis-ponyclub.ch\\\/?page_id=158#primaryimage\"},\"thumbnailUrl\":\"https:\\\/\\\/steffis-ponyclub.ch\\\/wp-content\\\/uploads\\\/2024\\\/04\\\/LL-Logo-Tpc-Lehrkraft-1024x1024.png\",\"datePublished\":\"2024-04-20T07:41:22+00:00\",\"dateModified\":\"2026-04-03T10:08:51+00:00\",\"breadcrumb\":{\"@id\":\"https:\\\/\\\/steffis-ponyclub.ch\\\/?page_id=158#breadcrumb\"},\"inLanguage\":\"de\",\"potentialAction\":[{\"@type\":\"ReadAction\",\"target\":[\"https:\\\/\\\/steffis-ponyclub.ch\\\/?page_id=158\"]}]},{\"@type\":\"ImageObject\",\"inLanguage\":\"de\",\"@id\":\"https:\\\/\\\/steffis-ponyclub.ch\\\/?page_id=158#primaryimage\",\"url\":\"https:\\\/\\\/steffis-ponyclub.ch\\\/wp-content\\\/uploads\\\/2024\\\/04\\\/LL-Logo-Tpc-Lehrkraft.png\",\"contentUrl\":\"https:\\\/\\\/steffis-ponyclub.ch\\\/wp-content\\\/uploads\\\/2024\\\/04\\\/LL-Logo-Tpc-Lehrkraft.png\",\"width\":1183,\"height\":1183},{\"@type\":\"BreadcrumbList\",\"@id\":\"https:\\\/\\\/steffis-ponyclub.ch\\\/?page_id=158#breadcrumb\",\"itemListElement\":[{\"@type\":\"ListItem\",\"position\":1,\"name\":\"Startseite\",\"item\":\"https:\\\/\\\/steffis-ponyclub.ch\\\/\"},{\"@type\":\"ListItem\",\"position\":2,\"name\":\"Eltern Info\"}]},{\"@type\":\"WebSite\",\"@id\":\"https:\\\/\\\/steffis-ponyclub.ch\\\/#website\",\"url\":\"https:\\\/\\\/steffis-ponyclub.ch\\\/\",\"name\":\"Steffis Pony Club\",\"description\":\"Weil wir Tiere lieben\",\"publisher\":{\"@id\":\"https:\\\/\\\/steffis-ponyclub.ch\\\/#organization\"},\"potentialAction\":[{\"@type\":\"SearchAction\",\"target\":{\"@type\":\"EntryPoint\",\"urlTemplate\":\"https:\\\/\\\/steffis-ponyclub.ch\\\/?s={search_term_string}\"},\"query-input\":{\"@type\":\"PropertyValueSpecification\",\"valueRequired\":true,\"valueName\":\"search_term_string\"}}],\"inLanguage\":\"de\"},{\"@type\":\"Organization\",\"@id\":\"https:\\\/\\\/steffis-ponyclub.ch\\\/#organization\",\"name\":\"Steffis Pony Club\",\"url\":\"https:\\\/\\\/steffis-ponyclub.ch\\\/\",\"logo\":{\"@type\":\"ImageObject\",\"inLanguage\":\"de\",\"@id\":\"https:\\\/\\\/steffis-ponyclub.ch\\\/#\\\/schema\\\/logo\\\/image\\\/\",\"url\":\"https:\\\/\\\/steffis-ponyclub.ch\\\/wp-content\\\/uploads\\\/2025\\\/12\\\/cropped-Logo_122025_02.png\",\"contentUrl\":\"https:\\\/\\\/steffis-ponyclub.ch\\\/wp-content\\\/uploads\\\/2025\\\/12\\\/cropped-Logo_122025_02.png\",\"width\":500,\"height\":544,\"caption\":\"Steffis Pony Club\"},\"image\":{\"@id\":\"https:\\\/\\\/steffis-ponyclub.ch\\\/#\\\/schema\\\/logo\\\/image\\\/\"}}]}<\/script>\n<!-- \/ Yoast SEO plugin. -->","yoast_head_json":{"title":"Eltern Info - Steffis Pony Club","robots":{"index":"index","follow":"follow","max-snippet":"max-snippet:-1","max-image-preview":"max-image-preview:large","max-video-preview":"max-video-preview:-1"},"canonical":"https:\/\/steffis-ponyclub.ch\/?page_id=158","og_locale":"de_DE","og_type":"article","og_title":"Eltern Info - Steffis Pony Club","og_description":"Eltern-Info zur Kursteilnahme Die Kurse finden bei jedem Wetter statt. Die Kurse sind fortlaufend, sodass ihr Kind in weiteren fortf\u00fchrenden Kursen teilnehmen kann.&nbsp;Wir empfehlen eine&hellip;","og_url":"https:\/\/steffis-ponyclub.ch\/?page_id=158","og_site_name":"Steffis Pony Club","article_modified_time":"2026-04-03T10:08:51+00:00","og_image":[{"width":1183,"height":1183,"url":"https:\/\/steffis-ponyclub.ch\/wp-content\/uploads\/2024\/04\/LL-Logo-Tpc-Lehrkraft.png","type":"image\/png"}],"twitter_card":"summary_large_image","twitter_misc":{"Gesch\u00e4tzte Lesezeit":"2\u00a0Minuten"},"schema":{"@context":"https:\/\/schema.org","@graph":[{"@type":"WebPage","@id":"https:\/\/steffis-ponyclub.ch\/?page_id=158","url":"https:\/\/steffis-ponyclub.ch\/?page_id=158","name":"Eltern Info - Steffis Pony Club","isPartOf":{"@id":"https:\/\/steffis-ponyclub.ch\/#website"},"primaryImageOfPage":{"@id":"https:\/\/steffis-ponyclub.ch\/?page_id=158#primaryimage"},"image":{"@id":"https:\/\/steffis-ponyclub.ch\/?page_id=158#primaryimage"},"thumbnailUrl":"https:\/\/steffis-ponyclub.ch\/wp-content\/uploads\/2024\/04\/LL-Logo-Tpc-Lehrkraft-1024x1024.png","datePublished":"2024-04-20T07:41:22+00:00","dateModified":"2026-04-03T10:08:51+00:00","breadcrumb":{"@id":"https:\/\/steffis-ponyclub.ch\/?page_id=158#breadcrumb"},"inLanguage":"de","potentialAction":[{"@type":"ReadAction","target":["https:\/\/steffis-ponyclub.ch\/?page_id=158"]}]},{"@type":"ImageObject","inLanguage":"de","@id":"https:\/\/steffis-ponyclub.ch\/?page_id=158#primaryimage","url":"https:\/\/steffis-ponyclub.ch\/wp-content\/uploads\/2024\/04\/LL-Logo-Tpc-Lehrkraft.png","contentUrl":"https:\/\/steffis-ponyclub.ch\/wp-content\/uploads\/2024\/04\/LL-Logo-Tpc-Lehrkraft.png","width":1183,"height":1183},{"@type":"BreadcrumbList","@id":"https:\/\/steffis-ponyclub.ch\/?page_id=158#breadcrumb","itemListElement":[{"@type":"ListItem","position":1,"name":"Startseite","item":"https:\/\/steffis-ponyclub.ch\/"},{"@type":"ListItem","position":2,"name":"Eltern Info"}]},{"@type":"WebSite","@id":"https:\/\/steffis-ponyclub.ch\/#website","url":"https:\/\/steffis-ponyclub.ch\/","name":"Steffis Pony Club","description":"Weil wir Tiere lieben","publisher":{"@id":"https:\/\/steffis-ponyclub.ch\/#organization"},"potentialAction":[{"@type":"SearchAction","target":{"@type":"EntryPoint","urlTemplate":"https:\/\/steffis-ponyclub.ch\/?s={search_term_string}"},"query-input":{"@type":"PropertyValueSpecification","valueRequired":true,"valueName":"search_term_string"}}],"inLanguage":"de"},{"@type":"Organization","@id":"https:\/\/steffis-ponyclub.ch\/#organization","name":"Steffis Pony Club","url":"https:\/\/steffis-ponyclub.ch\/","logo":{"@type":"ImageObject","inLanguage":"de","@id":"https:\/\/steffis-ponyclub.ch\/#\/schema\/logo\/image\/","url":"https:\/\/steffis-ponyclub.ch\/wp-content\/uploads\/2025\/12\/cropped-Logo_122025_02.png","contentUrl":"https:\/\/steffis-ponyclub.ch\/wp-content\/uploads\/2025\/12\/cropped-Logo_122025_02.png","width":500,"height":544,"caption":"Steffis Pony Club"},"image":{"@id":"https:\/\/steffis-ponyclub.ch\/#\/schema\/logo\/image\/"}}]}},"_links":{"self":[{"href":"https:\/\/steffis-ponyclub.ch\/index.php?rest_route=\/wp\/v2\/pages\/158","targetHints":{"allow":["GET"]}}],"collection":[{"href":"https:\/\/steffis-ponyclub.ch\/index.php?rest_route=\/wp\/v2\/pages"}],"about":[{"href":"https:\/\/steffis-ponyclub.ch\/index.php?rest_route=\/wp\/v2\/types\/page"}],"author":[{"embeddable":true,"href":"https:\/\/steffis-ponyclub.ch\/index.php?rest_route=\/wp\/v2\/users\/1"}],"replies":[{"embeddable":true,"href":"https:\/\/steffis-ponyclub.ch\/index.php?rest_route=%2Fwp%2Fv2%2Fcomments&post=158"}],"version-history":[{"count":14,"href":"https:\/\/steffis-ponyclub.ch\/index.php?rest_route=\/wp\/v2\/pages\/158\/revisions"}],"predecessor-version":[{"id":2096,"href":"https:\/\/steffis-ponyclub.ch\/index.php?rest_route=\/wp\/v2\/pages\/158\/revisions\/2096"}],"wp:attachment":[{"href":"https:\/\/steffis-ponyclub.ch\/index.php?rest_route=%2Fwp%2Fv2%2Fmedia&parent=158"}],"curies":[{"name":"wp","href":"https:\/\/api.w.org\/{rel}","templated":true}]}}