{"id":16,"date":"2024-04-18T10:04:18","date_gmt":"2024-04-18T10:04:18","guid":{"rendered":"https:\/\/steffis-ponyclub.ch\/?page_id=16"},"modified":"2024-05-08T18:58:36","modified_gmt":"2024-05-08T18:58:36","slug":"steffis-pony-club-kuessnacht","status":"publish","type":"page","link":"https:\/\/steffis-ponyclub.ch\/?page_id=16","title":{"rendered":"Ponyhof"},"content":{"rendered":"\n<div class=\"wp-block-columns is-layout-flex wp-container-core-columns-is-layout-9d6595d7 wp-block-columns-is-layout-flex\">\n<div class=\"wp-block-column is-layout-flow wp-block-column-is-layout-flow\">\n<p style=\"font-size:25px\"><strong>Willkommen auf dem Chliarnihof in einer wundersch\u00f6nen<\/strong> <strong>Natur-Landschaft  <\/strong><\/p>\n<\/div>\n<\/div>\n\n\n\n<div class=\"wp-block-columns is-layout-flex wp-container-core-columns-is-layout-9d6595d7 wp-block-columns-is-layout-flex\">\n<div class=\"wp-block-column is-layout-flow wp-block-column-is-layout-flow\">\n<figure class=\"wp-block-image size-large is-resized\"><img loading=\"lazy\" decoding=\"async\" width=\"1024\" height=\"576\" src=\"https:\/\/steffis-ponyclub.ch\/wp-content\/uploads\/2024\/04\/IMG_6870-1024x576.jpeg\" alt=\"\" class=\"wp-image-405\" style=\"width:404px;height:auto\"\/><figcaption class=\"wp-element-caption\">Chliarni-Hof<\/figcaption><\/figure>\n<\/div>\n\n\n\n<div class=\"wp-block-column is-layout-flow wp-block-column-is-layout-flow\">\n<figure class=\"wp-block-image size-full\"><img loading=\"lazy\" decoding=\"async\" width=\"400\" height=\"225\" src=\"https:\/\/steffis-ponyclub.ch\/wp-content\/uploads\/2024\/04\/IMG_6863-03.jpg\" alt=\"\" class=\"wp-image-341\" srcset=\"https:\/\/steffis-ponyclub.ch\/wp-content\/uploads\/2024\/04\/IMG_6863-03.jpg 400w, https:\/\/steffis-ponyclub.ch\/wp-content\/uploads\/2024\/04\/IMG_6863-03-300x169.jpg 300w\" sizes=\"auto, (max-width: 400px) 100vw, 400px\" \/><figcaption class=\"wp-element-caption\">Traumhafte Landschaft, ideal f\u00fcr einen erholsamen Spaziergang w\u00e4hrend der Kurszeit<\/figcaption><\/figure>\n<\/div>\n<\/div>\n\n\n\n<div class=\"wp-block-columns is-layout-flex wp-container-core-columns-is-layout-9d6595d7 wp-block-columns-is-layout-flex\">\n<div class=\"wp-block-column is-layout-flow wp-block-column-is-layout-flow\">\n<figure class=\"wp-block-image size-full is-resized\"><img loading=\"lazy\" decoding=\"async\" width=\"400\" height=\"225\" src=\"https:\/\/steffis-ponyclub.ch\/wp-content\/uploads\/2024\/04\/IMG_6863-04.jpg\" alt=\"\" class=\"wp-image-345\" style=\"width:404px;height:auto\" srcset=\"https:\/\/steffis-ponyclub.ch\/wp-content\/uploads\/2024\/04\/IMG_6863-04.jpg 400w, https:\/\/steffis-ponyclub.ch\/wp-content\/uploads\/2024\/04\/IMG_6863-04-300x169.jpg 300w\" sizes=\"auto, (max-width: 400px) 100vw, 400px\" \/><figcaption class=\"wp-element-caption\">Wundersch\u00f6nes Reitgebiet<\/figcaption><\/figure>\n<\/div>\n\n\n\n<div class=\"wp-block-column is-layout-flow wp-block-column-is-layout-flow\">\n<figure class=\"wp-block-image size-full\"><img loading=\"lazy\" decoding=\"async\" width=\"400\" height=\"225\" src=\"https:\/\/steffis-ponyclub.ch\/wp-content\/uploads\/2024\/04\/IMG_6862-scaled-e1714414771996.jpeg\" alt=\"\" class=\"wp-image-403\"\/><figcaption class=\"wp-element-caption\">Auch geeignet f\u00fcr eine kleine Bike-Tour<\/figcaption><\/figure>\n<\/div>\n<\/div>\n\n\n\n<p class=\"has-medium-font-size\"><strong>Hofladen<\/strong><\/p>\n\n\n\n<div class=\"wp-block-columns is-layout-flex wp-container-core-columns-is-layout-9d6595d7 wp-block-columns-is-layout-flex\">\n<div class=\"wp-block-column is-layout-flow wp-block-column-is-layout-flow\">\n<figure class=\"wp-block-image size-full\"><img loading=\"lazy\" decoding=\"async\" width=\"400\" height=\"228\" src=\"https:\/\/steffis-ponyclub.ch\/wp-content\/uploads\/2024\/04\/IMG_6887-03.jpg\" alt=\"\" class=\"wp-image-348\" srcset=\"https:\/\/steffis-ponyclub.ch\/wp-content\/uploads\/2024\/04\/IMG_6887-03.jpg 400w, https:\/\/steffis-ponyclub.ch\/wp-content\/uploads\/2024\/04\/IMG_6887-03-300x171.jpg 300w\" sizes=\"auto, (max-width: 400px) 100vw, 400px\" \/><figcaption class=\"wp-element-caption\">Benutzen sie die M\u00f6glichkeit f\u00fcr einen Einkauf feiner Produkte ab dem Hofladen&#8230; <\/figcaption><\/figure>\n<\/div>\n\n\n\n<div class=\"wp-block-column is-layout-flow wp-block-column-is-layout-flow\">\n<figure class=\"wp-block-image size-full is-resized\"><img loading=\"lazy\" decoding=\"async\" width=\"360\" height=\"365\" src=\"https:\/\/steffis-ponyclub.ch\/wp-content\/uploads\/2024\/04\/IMG_0667-e1714318006470.png\" alt=\"\" class=\"wp-image-398\" style=\"width:225px;height:auto\" srcset=\"https:\/\/steffis-ponyclub.ch\/wp-content\/uploads\/2024\/04\/IMG_0667-e1714318006470.png 360w, https:\/\/steffis-ponyclub.ch\/wp-content\/uploads\/2024\/04\/IMG_0667-e1714318006470-296x300.png 296w\" sizes=\"auto, (max-width: 360px) 100vw, 360px\" \/><figcaption class=\"wp-element-caption\">&#8230;oder l\u00f6schen sie ihren Durst mit einem frischen Apfelsaft oder einem k\u00fchlen Getr\u00e4nk.<\/figcaption><\/figure>\n<\/div>\n<\/div>\n\n\n\n<p><br><br><br>Chliarni-Hof<\/p>\n\n\n\n<p>6403 K\u00fcssnacht<\/p>\n\n\n\n<div style=\"height:59px\" aria-hidden=\"true\" class=\"wp-block-spacer\"><\/div>\n\n\n\n<p><\/p>\n\n\n\n<p><\/p>\n\n\n\n<p><\/p>\n\n\n\n\n\n<h2 class=\"wp-block-heading\"><\/h2>\n","protected":false},"excerpt":{"rendered":"<p>Willkommen auf dem Chliarnihof in einer wundersch\u00f6nen Natur-Landschaft Hofladen Chliarni-Hof 6403 K\u00fcssnacht<\/p>\n","protected":false},"author":1,"featured_media":0,"parent":0,"menu_order":0,"comment_status":"closed","ping_status":"closed","template":"","meta":{"ngg_post_thumbnail":0,"footnotes":"[]"},"class_list":["post-16","page","type-page","status-publish","hentry"],"yoast_head":"<!-- This site is optimized with the Yoast SEO plugin v27.4 - https:\/\/yoast.com\/product\/yoast-seo-wordpress\/ -->\n<title>Steffis Pony Club K\u00fcssnacht Schweiz<\/title>\n<meta name=\"description\" content=\"Unsere Team Pony-Schulen bieten Ihren Kindern in einer l\u00e4ndlichen Umbgebung einen Spiel- und Erfahrungsraum rund um Ponys.\" \/>\n<meta name=\"robots\" content=\"index, follow, max-snippet:-1, max-image-preview:large, max-video-preview:-1\" \/>\n<link rel=\"canonical\" href=\"https:\/\/steffis-ponyclub.ch\/?page_id=16\" \/>\n<meta property=\"og:locale\" content=\"de_DE\" \/>\n<meta property=\"og:type\" content=\"article\" \/>\n<meta property=\"og:title\" content=\"Steffis Pony Club K\u00fcssnacht Schweiz\" \/>\n<meta property=\"og:description\" content=\"Unsere Team Pony-Schulen bieten Ihren Kindern in einer l\u00e4ndlichen Umbgebung einen Spiel- und Erfahrungsraum rund um Ponys.\" \/>\n<meta property=\"og:url\" content=\"https:\/\/steffis-ponyclub.ch\/?page_id=16\" \/>\n<meta property=\"og:site_name\" content=\"Steffis Pony Club\" \/>\n<meta property=\"article:modified_time\" content=\"2024-05-08T18:58:36+00:00\" \/>\n<meta property=\"og:image\" content=\"https:\/\/steffis-ponyclub.ch\/wp-content\/uploads\/2024\/04\/IMG_6870-1024x576.jpeg\" \/>\n<meta name=\"twitter:card\" content=\"summary_large_image\" \/>\n<meta name=\"twitter:label1\" content=\"Gesch\u00e4tzte Lesezeit\" \/>\n\t<meta name=\"twitter:data1\" content=\"2\u00a0Minuten\" \/>\n<script type=\"application\/ld+json\" class=\"yoast-schema-graph\">{\"@context\":\"https:\\\/\\\/schema.org\",\"@graph\":[{\"@type\":\"WebPage\",\"@id\":\"https:\\\/\\\/steffis-ponyclub.ch\\\/?page_id=16\",\"url\":\"https:\\\/\\\/steffis-ponyclub.ch\\\/?page_id=16\",\"name\":\"Steffis Pony Club K\u00fcssnacht Schweiz\",\"isPartOf\":{\"@id\":\"https:\\\/\\\/steffis-ponyclub.ch\\\/#website\"},\"primaryImageOfPage\":{\"@id\":\"https:\\\/\\\/steffis-ponyclub.ch\\\/?page_id=16#primaryimage\"},\"image\":{\"@id\":\"https:\\\/\\\/steffis-ponyclub.ch\\\/?page_id=16#primaryimage\"},\"thumbnailUrl\":\"https:\\\/\\\/steffis-ponyclub.ch\\\/wp-content\\\/uploads\\\/2024\\\/04\\\/IMG_6870-1024x576.jpeg\",\"datePublished\":\"2024-04-18T10:04:18+00:00\",\"dateModified\":\"2024-05-08T18:58:36+00:00\",\"description\":\"Unsere Team Pony-Schulen bieten Ihren Kindern in einer l\u00e4ndlichen Umbgebung einen Spiel- und Erfahrungsraum rund um Ponys.\",\"breadcrumb\":{\"@id\":\"https:\\\/\\\/steffis-ponyclub.ch\\\/?page_id=16#breadcrumb\"},\"inLanguage\":\"de\",\"potentialAction\":[{\"@type\":\"ReadAction\",\"target\":[\"https:\\\/\\\/steffis-ponyclub.ch\\\/?page_id=16\"]}]},{\"@type\":\"ImageObject\",\"inLanguage\":\"de\",\"@id\":\"https:\\\/\\\/steffis-ponyclub.ch\\\/?page_id=16#primaryimage\",\"url\":\"https:\\\/\\\/steffis-ponyclub.ch\\\/wp-content\\\/uploads\\\/2024\\\/04\\\/IMG_6870-scaled-e1714414534169.jpeg\",\"contentUrl\":\"https:\\\/\\\/steffis-ponyclub.ch\\\/wp-content\\\/uploads\\\/2024\\\/04\\\/IMG_6870-scaled-e1714414534169.jpeg\",\"width\":400,\"height\":225},{\"@type\":\"BreadcrumbList\",\"@id\":\"https:\\\/\\\/steffis-ponyclub.ch\\\/?page_id=16#breadcrumb\",\"itemListElement\":[{\"@type\":\"ListItem\",\"position\":1,\"name\":\"Startseite\",\"item\":\"https:\\\/\\\/steffis-ponyclub.ch\\\/\"},{\"@type\":\"ListItem\",\"position\":2,\"name\":\"Ponyhof\"}]},{\"@type\":\"WebSite\",\"@id\":\"https:\\\/\\\/steffis-ponyclub.ch\\\/#website\",\"url\":\"https:\\\/\\\/steffis-ponyclub.ch\\\/\",\"name\":\"Steffis Pony Club\",\"description\":\"Weil wir Tiere lieben\",\"publisher\":{\"@id\":\"https:\\\/\\\/steffis-ponyclub.ch\\\/#organization\"},\"potentialAction\":[{\"@type\":\"SearchAction\",\"target\":{\"@type\":\"EntryPoint\",\"urlTemplate\":\"https:\\\/\\\/steffis-ponyclub.ch\\\/?s={search_term_string}\"},\"query-input\":{\"@type\":\"PropertyValueSpecification\",\"valueRequired\":true,\"valueName\":\"search_term_string\"}}],\"inLanguage\":\"de\"},{\"@type\":\"Organization\",\"@id\":\"https:\\\/\\\/steffis-ponyclub.ch\\\/#organization\",\"name\":\"Steffis Pony Club\",\"url\":\"https:\\\/\\\/steffis-ponyclub.ch\\\/\",\"logo\":{\"@type\":\"ImageObject\",\"inLanguage\":\"de\",\"@id\":\"https:\\\/\\\/steffis-ponyclub.ch\\\/#\\\/schema\\\/logo\\\/image\\\/\",\"url\":\"https:\\\/\\\/steffis-ponyclub.ch\\\/wp-content\\\/uploads\\\/2025\\\/12\\\/cropped-Logo_122025_02.png\",\"contentUrl\":\"https:\\\/\\\/steffis-ponyclub.ch\\\/wp-content\\\/uploads\\\/2025\\\/12\\\/cropped-Logo_122025_02.png\",\"width\":500,\"height\":544,\"caption\":\"Steffis Pony Club\"},\"image\":{\"@id\":\"https:\\\/\\\/steffis-ponyclub.ch\\\/#\\\/schema\\\/logo\\\/image\\\/\"}}]}<\/script>\n<!-- \/ Yoast SEO plugin. -->","yoast_head_json":{"title":"Steffis Pony Club K\u00fcssnacht Schweiz","description":"Unsere Team Pony-Schulen bieten Ihren Kindern in einer l\u00e4ndlichen Umbgebung einen Spiel- und Erfahrungsraum rund um Ponys.","robots":{"index":"index","follow":"follow","max-snippet":"max-snippet:-1","max-image-preview":"max-image-preview:large","max-video-preview":"max-video-preview:-1"},"canonical":"https:\/\/steffis-ponyclub.ch\/?page_id=16","og_locale":"de_DE","og_type":"article","og_title":"Steffis Pony Club K\u00fcssnacht Schweiz","og_description":"Unsere Team Pony-Schulen bieten Ihren Kindern in einer l\u00e4ndlichen Umbgebung einen Spiel- und Erfahrungsraum rund um Ponys.","og_url":"https:\/\/steffis-ponyclub.ch\/?page_id=16","og_site_name":"Steffis Pony Club","article_modified_time":"2024-05-08T18:58:36+00:00","og_image":[{"url":"https:\/\/steffis-ponyclub.ch\/wp-content\/uploads\/2024\/04\/IMG_6870-1024x576.jpeg","type":"","width":"","height":""}],"twitter_card":"summary_large_image","twitter_misc":{"Gesch\u00e4tzte Lesezeit":"2\u00a0Minuten"},"schema":{"@context":"https:\/\/schema.org","@graph":[{"@type":"WebPage","@id":"https:\/\/steffis-ponyclub.ch\/?page_id=16","url":"https:\/\/steffis-ponyclub.ch\/?page_id=16","name":"Steffis Pony Club K\u00fcssnacht Schweiz","isPartOf":{"@id":"https:\/\/steffis-ponyclub.ch\/#website"},"primaryImageOfPage":{"@id":"https:\/\/steffis-ponyclub.ch\/?page_id=16#primaryimage"},"image":{"@id":"https:\/\/steffis-ponyclub.ch\/?page_id=16#primaryimage"},"thumbnailUrl":"https:\/\/steffis-ponyclub.ch\/wp-content\/uploads\/2024\/04\/IMG_6870-1024x576.jpeg","datePublished":"2024-04-18T10:04:18+00:00","dateModified":"2024-05-08T18:58:36+00:00","description":"Unsere Team Pony-Schulen bieten Ihren Kindern in einer l\u00e4ndlichen Umbgebung einen Spiel- und Erfahrungsraum rund um Ponys.","breadcrumb":{"@id":"https:\/\/steffis-ponyclub.ch\/?page_id=16#breadcrumb"},"inLanguage":"de","potentialAction":[{"@type":"ReadAction","target":["https:\/\/steffis-ponyclub.ch\/?page_id=16"]}]},{"@type":"ImageObject","inLanguage":"de","@id":"https:\/\/steffis-ponyclub.ch\/?page_id=16#primaryimage","url":"https:\/\/steffis-ponyclub.ch\/wp-content\/uploads\/2024\/04\/IMG_6870-scaled-e1714414534169.jpeg","contentUrl":"https:\/\/steffis-ponyclub.ch\/wp-content\/uploads\/2024\/04\/IMG_6870-scaled-e1714414534169.jpeg","width":400,"height":225},{"@type":"BreadcrumbList","@id":"https:\/\/steffis-ponyclub.ch\/?page_id=16#breadcrumb","itemListElement":[{"@type":"ListItem","position":1,"name":"Startseite","item":"https:\/\/steffis-ponyclub.ch\/"},{"@type":"ListItem","position":2,"name":"Ponyhof"}]},{"@type":"WebSite","@id":"https:\/\/steffis-ponyclub.ch\/#website","url":"https:\/\/steffis-ponyclub.ch\/","name":"Steffis Pony Club","description":"Weil wir Tiere lieben","publisher":{"@id":"https:\/\/steffis-ponyclub.ch\/#organization"},"potentialAction":[{"@type":"SearchAction","target":{"@type":"EntryPoint","urlTemplate":"https:\/\/steffis-ponyclub.ch\/?s={search_term_string}"},"query-input":{"@type":"PropertyValueSpecification","valueRequired":true,"valueName":"search_term_string"}}],"inLanguage":"de"},{"@type":"Organization","@id":"https:\/\/steffis-ponyclub.ch\/#organization","name":"Steffis Pony Club","url":"https:\/\/steffis-ponyclub.ch\/","logo":{"@type":"ImageObject","inLanguage":"de","@id":"https:\/\/steffis-ponyclub.ch\/#\/schema\/logo\/image\/","url":"https:\/\/steffis-ponyclub.ch\/wp-content\/uploads\/2025\/12\/cropped-Logo_122025_02.png","contentUrl":"https:\/\/steffis-ponyclub.ch\/wp-content\/uploads\/2025\/12\/cropped-Logo_122025_02.png","width":500,"height":544,"caption":"Steffis Pony Club"},"image":{"@id":"https:\/\/steffis-ponyclub.ch\/#\/schema\/logo\/image\/"}}]}},"_links":{"self":[{"href":"https:\/\/steffis-ponyclub.ch\/index.php?rest_route=\/wp\/v2\/pages\/16","targetHints":{"allow":["GET"]}}],"collection":[{"href":"https:\/\/steffis-ponyclub.ch\/index.php?rest_route=\/wp\/v2\/pages"}],"about":[{"href":"https:\/\/steffis-ponyclub.ch\/index.php?rest_route=\/wp\/v2\/types\/page"}],"author":[{"embeddable":true,"href":"https:\/\/steffis-ponyclub.ch\/index.php?rest_route=\/wp\/v2\/users\/1"}],"replies":[{"embeddable":true,"href":"https:\/\/steffis-ponyclub.ch\/index.php?rest_route=%2Fwp%2Fv2%2Fcomments&post=16"}],"version-history":[{"count":35,"href":"https:\/\/steffis-ponyclub.ch\/index.php?rest_route=\/wp\/v2\/pages\/16\/revisions"}],"predecessor-version":[{"id":1243,"href":"https:\/\/steffis-ponyclub.ch\/index.php?rest_route=\/wp\/v2\/pages\/16\/revisions\/1243"}],"wp:attachment":[{"href":"https:\/\/steffis-ponyclub.ch\/index.php?rest_route=%2Fwp%2Fv2%2Fmedia&parent=16"}],"curies":[{"name":"wp","href":"https:\/\/api.w.org\/{rel}","templated":true}]}}