{"id":493,"date":"2024-04-29T17:39:43","date_gmt":"2024-04-29T17:39:43","guid":{"rendered":"https:\/\/steffis-ponyclub.ch\/?page_id=493"},"modified":"2024-05-08T18:57:46","modified_gmt":"2024-05-08T18:57:46","slug":"shop","status":"publish","type":"page","link":"https:\/\/steffis-ponyclub.ch\/?page_id=493","title":{"rendered":"Shop f\u00fcr Reitbekleidung"},"content":{"rendered":"\n<p style=\"font-size:25px\"><strong>Zu verkaufen<\/strong><\/p>\n\n\n\n<figure class=\"wp-block-image size-full is-resized\"><img decoding=\"async\" src=\"https:\/\/steffis-ponyclub.ch\/wp-content\/uploads\/2024\/05\/IMG_0443-rotated.jpg\" alt=\"\" class=\"wp-image-542\" style=\"width:481px;height:auto\"\/><figcaption class=\"wp-element-caption\"><br><strong>Sicherheits-Veste neuwertig, Level 3, Gr\u00f6sse AS<br>Handschuhe neuwertig, Gr\u00f6sse XS<br>Bottine neuwertig, Gr\u00f6sse 37 aber sehr klein geschnitten wie 36<\/strong><\/figcaption><\/figure>\n\n\n\n<p class=\"has-medium-font-size\"><strong>Alles zusammen f\u00fcr 50.-<\/strong><\/p>\n\n\n\n<p><\/p>\n","protected":false},"excerpt":{"rendered":"<p>Zu verkaufen Alles zusammen f\u00fcr 50.-<\/p>\n","protected":false},"author":1,"featured_media":0,"parent":0,"menu_order":0,"comment_status":"closed","ping_status":"closed","template":"","meta":{"ngg_post_thumbnail":0,"footnotes":""},"class_list":["post-493","page","type-page","status-publish","hentry"],"yoast_head":"<!-- This site is optimized with the Yoast SEO plugin v27.4 - https:\/\/yoast.com\/product\/yoast-seo-wordpress\/ -->\n<title>Shop f\u00fcr Reitbekleidung - Steffis Pony Club<\/title>\n<meta name=\"robots\" content=\"index, follow, max-snippet:-1, max-image-preview:large, max-video-preview:-1\" \/>\n<link rel=\"canonical\" href=\"https:\/\/steffis-ponyclub.ch\/?page_id=493\" \/>\n<meta property=\"og:locale\" content=\"de_DE\" \/>\n<meta property=\"og:type\" content=\"article\" \/>\n<meta property=\"og:title\" content=\"Shop f\u00fcr Reitbekleidung - Steffis Pony Club\" \/>\n<meta property=\"og:description\" content=\"Zu verkaufen Alles zusammen f\u00fcr 50.-\" \/>\n<meta property=\"og:url\" content=\"https:\/\/steffis-ponyclub.ch\/?page_id=493\" \/>\n<meta property=\"og:site_name\" content=\"Steffis Pony Club\" \/>\n<meta property=\"article:modified_time\" content=\"2024-05-08T18:57:46+00:00\" \/>\n<meta property=\"og:image\" content=\"https:\/\/steffis-ponyclub.ch\/wp-content\/uploads\/2024\/05\/IMG_0443-rotated.jpg\" \/>\n<meta name=\"twitter:card\" content=\"summary_large_image\" \/>\n<meta name=\"twitter:label1\" content=\"Gesch\u00e4tzte Lesezeit\" \/>\n\t<meta name=\"twitter:data1\" content=\"1\u00a0Minute\" \/>\n<script type=\"application\/ld+json\" class=\"yoast-schema-graph\">{\"@context\":\"https:\\\/\\\/schema.org\",\"@graph\":[{\"@type\":\"WebPage\",\"@id\":\"https:\\\/\\\/steffis-ponyclub.ch\\\/?page_id=493\",\"url\":\"https:\\\/\\\/steffis-ponyclub.ch\\\/?page_id=493\",\"name\":\"Shop f\u00fcr Reitbekleidung - Steffis Pony Club\",\"isPartOf\":{\"@id\":\"https:\\\/\\\/steffis-ponyclub.ch\\\/#website\"},\"primaryImageOfPage\":{\"@id\":\"https:\\\/\\\/steffis-ponyclub.ch\\\/?page_id=493#primaryimage\"},\"image\":{\"@id\":\"https:\\\/\\\/steffis-ponyclub.ch\\\/?page_id=493#primaryimage\"},\"thumbnailUrl\":\"https:\\\/\\\/steffis-ponyclub.ch\\\/wp-content\\\/uploads\\\/2024\\\/05\\\/IMG_0443-rotated.jpg\",\"datePublished\":\"2024-04-29T17:39:43+00:00\",\"dateModified\":\"2024-05-08T18:57:46+00:00\",\"breadcrumb\":{\"@id\":\"https:\\\/\\\/steffis-ponyclub.ch\\\/?page_id=493#breadcrumb\"},\"inLanguage\":\"de\",\"potentialAction\":[{\"@type\":\"ReadAction\",\"target\":[\"https:\\\/\\\/steffis-ponyclub.ch\\\/?page_id=493\"]}]},{\"@type\":\"ImageObject\",\"inLanguage\":\"de\",\"@id\":\"https:\\\/\\\/steffis-ponyclub.ch\\\/?page_id=493#primaryimage\",\"url\":\"\",\"contentUrl\":\"\"},{\"@type\":\"BreadcrumbList\",\"@id\":\"https:\\\/\\\/steffis-ponyclub.ch\\\/?page_id=493#breadcrumb\",\"itemListElement\":[{\"@type\":\"ListItem\",\"position\":1,\"name\":\"Startseite\",\"item\":\"https:\\\/\\\/steffis-ponyclub.ch\\\/\"},{\"@type\":\"ListItem\",\"position\":2,\"name\":\"Shop f\u00fcr Reitbekleidung\"}]},{\"@type\":\"WebSite\",\"@id\":\"https:\\\/\\\/steffis-ponyclub.ch\\\/#website\",\"url\":\"https:\\\/\\\/steffis-ponyclub.ch\\\/\",\"name\":\"Steffis Pony Club\",\"description\":\"Weil wir Tiere lieben\",\"publisher\":{\"@id\":\"https:\\\/\\\/steffis-ponyclub.ch\\\/#organization\"},\"potentialAction\":[{\"@type\":\"SearchAction\",\"target\":{\"@type\":\"EntryPoint\",\"urlTemplate\":\"https:\\\/\\\/steffis-ponyclub.ch\\\/?s={search_term_string}\"},\"query-input\":{\"@type\":\"PropertyValueSpecification\",\"valueRequired\":true,\"valueName\":\"search_term_string\"}}],\"inLanguage\":\"de\"},{\"@type\":\"Organization\",\"@id\":\"https:\\\/\\\/steffis-ponyclub.ch\\\/#organization\",\"name\":\"Steffis Pony Club\",\"url\":\"https:\\\/\\\/steffis-ponyclub.ch\\\/\",\"logo\":{\"@type\":\"ImageObject\",\"inLanguage\":\"de\",\"@id\":\"https:\\\/\\\/steffis-ponyclub.ch\\\/#\\\/schema\\\/logo\\\/image\\\/\",\"url\":\"https:\\\/\\\/steffis-ponyclub.ch\\\/wp-content\\\/uploads\\\/2025\\\/12\\\/cropped-Logo_122025_02.png\",\"contentUrl\":\"https:\\\/\\\/steffis-ponyclub.ch\\\/wp-content\\\/uploads\\\/2025\\\/12\\\/cropped-Logo_122025_02.png\",\"width\":500,\"height\":544,\"caption\":\"Steffis Pony Club\"},\"image\":{\"@id\":\"https:\\\/\\\/steffis-ponyclub.ch\\\/#\\\/schema\\\/logo\\\/image\\\/\"}}]}<\/script>\n<!-- \/ Yoast SEO plugin. -->","yoast_head_json":{"title":"Shop f\u00fcr Reitbekleidung - Steffis Pony Club","robots":{"index":"index","follow":"follow","max-snippet":"max-snippet:-1","max-image-preview":"max-image-preview:large","max-video-preview":"max-video-preview:-1"},"canonical":"https:\/\/steffis-ponyclub.ch\/?page_id=493","og_locale":"de_DE","og_type":"article","og_title":"Shop f\u00fcr Reitbekleidung - Steffis Pony Club","og_description":"Zu verkaufen Alles zusammen f\u00fcr 50.-","og_url":"https:\/\/steffis-ponyclub.ch\/?page_id=493","og_site_name":"Steffis Pony Club","article_modified_time":"2024-05-08T18:57:46+00:00","og_image":[{"url":"https:\/\/steffis-ponyclub.ch\/wp-content\/uploads\/2024\/05\/IMG_0443-rotated.jpg","type":"","width":"","height":""}],"twitter_card":"summary_large_image","twitter_misc":{"Gesch\u00e4tzte Lesezeit":"1\u00a0Minute"},"schema":{"@context":"https:\/\/schema.org","@graph":[{"@type":"WebPage","@id":"https:\/\/steffis-ponyclub.ch\/?page_id=493","url":"https:\/\/steffis-ponyclub.ch\/?page_id=493","name":"Shop f\u00fcr Reitbekleidung - Steffis Pony Club","isPartOf":{"@id":"https:\/\/steffis-ponyclub.ch\/#website"},"primaryImageOfPage":{"@id":"https:\/\/steffis-ponyclub.ch\/?page_id=493#primaryimage"},"image":{"@id":"https:\/\/steffis-ponyclub.ch\/?page_id=493#primaryimage"},"thumbnailUrl":"https:\/\/steffis-ponyclub.ch\/wp-content\/uploads\/2024\/05\/IMG_0443-rotated.jpg","datePublished":"2024-04-29T17:39:43+00:00","dateModified":"2024-05-08T18:57:46+00:00","breadcrumb":{"@id":"https:\/\/steffis-ponyclub.ch\/?page_id=493#breadcrumb"},"inLanguage":"de","potentialAction":[{"@type":"ReadAction","target":["https:\/\/steffis-ponyclub.ch\/?page_id=493"]}]},{"@type":"ImageObject","inLanguage":"de","@id":"https:\/\/steffis-ponyclub.ch\/?page_id=493#primaryimage","url":"","contentUrl":""},{"@type":"BreadcrumbList","@id":"https:\/\/steffis-ponyclub.ch\/?page_id=493#breadcrumb","itemListElement":[{"@type":"ListItem","position":1,"name":"Startseite","item":"https:\/\/steffis-ponyclub.ch\/"},{"@type":"ListItem","position":2,"name":"Shop f\u00fcr Reitbekleidung"}]},{"@type":"WebSite","@id":"https:\/\/steffis-ponyclub.ch\/#website","url":"https:\/\/steffis-ponyclub.ch\/","name":"Steffis Pony Club","description":"Weil wir Tiere lieben","publisher":{"@id":"https:\/\/steffis-ponyclub.ch\/#organization"},"potentialAction":[{"@type":"SearchAction","target":{"@type":"EntryPoint","urlTemplate":"https:\/\/steffis-ponyclub.ch\/?s={search_term_string}"},"query-input":{"@type":"PropertyValueSpecification","valueRequired":true,"valueName":"search_term_string"}}],"inLanguage":"de"},{"@type":"Organization","@id":"https:\/\/steffis-ponyclub.ch\/#organization","name":"Steffis Pony Club","url":"https:\/\/steffis-ponyclub.ch\/","logo":{"@type":"ImageObject","inLanguage":"de","@id":"https:\/\/steffis-ponyclub.ch\/#\/schema\/logo\/image\/","url":"https:\/\/steffis-ponyclub.ch\/wp-content\/uploads\/2025\/12\/cropped-Logo_122025_02.png","contentUrl":"https:\/\/steffis-ponyclub.ch\/wp-content\/uploads\/2025\/12\/cropped-Logo_122025_02.png","width":500,"height":544,"caption":"Steffis Pony Club"},"image":{"@id":"https:\/\/steffis-ponyclub.ch\/#\/schema\/logo\/image\/"}}]}},"_links":{"self":[{"href":"https:\/\/steffis-ponyclub.ch\/index.php?rest_route=\/wp\/v2\/pages\/493","targetHints":{"allow":["GET"]}}],"collection":[{"href":"https:\/\/steffis-ponyclub.ch\/index.php?rest_route=\/wp\/v2\/pages"}],"about":[{"href":"https:\/\/steffis-ponyclub.ch\/index.php?rest_route=\/wp\/v2\/types\/page"}],"author":[{"embeddable":true,"href":"https:\/\/steffis-ponyclub.ch\/index.php?rest_route=\/wp\/v2\/users\/1"}],"replies":[{"embeddable":true,"href":"https:\/\/steffis-ponyclub.ch\/index.php?rest_route=%2Fwp%2Fv2%2Fcomments&post=493"}],"version-history":[{"count":5,"href":"https:\/\/steffis-ponyclub.ch\/index.php?rest_route=\/wp\/v2\/pages\/493\/revisions"}],"predecessor-version":[{"id":612,"href":"https:\/\/steffis-ponyclub.ch\/index.php?rest_route=\/wp\/v2\/pages\/493\/revisions\/612"}],"wp:attachment":[{"href":"https:\/\/steffis-ponyclub.ch\/index.php?rest_route=%2Fwp%2Fv2%2Fmedia&parent=493"}],"curies":[{"name":"wp","href":"https:\/\/api.w.org\/{rel}","templated":true}]}}